 

{"id":15624,"date":"2025-11-24T15:42:45","date_gmt":"2025-11-24T14:42:45","guid":{"rendered":"https:\/\/www.redigermemoire.com\/?page_id=15624"},"modified":"2025-11-25T05:40:25","modified_gmt":"2025-11-25T04:40:25","slug":"politique-de-confidentialite","status":"publish","type":"page","link":"https:\/\/www.redigermemoire.com\/en\/politique-de-confidentialite\/","title":{"rendered":"Politique de confidentialit\u00e9"},"content":{"rendered":"<div data-elementor-type=\"wp-page\" data-elementor-id=\"15624\" class=\"elementor elementor-15624\" data-elementor-post-type=\"page\">\n\t\t\t\t<div class=\"elementor-element elementor-element-a66f2da e-flex e-con-boxed e-con e-parent\" data-id=\"a66f2da\" data-element_type=\"container\" data-settings=\"{&quot;background_background&quot;:&quot;classic&quot;}\">\n\t\t\t\t\t<div class=\"e-con-inner\">\n\t\t\t\t<div class=\"elementor-element elementor-element-aba5e79 elementor-widget elementor-widget-heading\" data-id=\"aba5e79\" data-element_type=\"widget\" data-widget_type=\"heading.default\">\n\t\t\t\t\t<h1 class=\"elementor-heading-title elementor-size-default\">\ud83d\udcc3 Politique de confidentialit\u00e9\n<\/h1>\t\t\t\t<\/div>\n\t\t\t\t\t<\/div>\n\t\t\t\t<\/div>\n\t\t<div class=\"elementor-element elementor-element-b58757f e-flex e-con-boxed e-con e-parent\" data-id=\"b58757f\" data-element_type=\"container\">\n\t\t\t\t\t<div class=\"e-con-inner\">\n\t\t\t\t<div class=\"elementor-element elementor-element-477dc45 elementor-widget elementor-widget-heading\" data-id=\"477dc45\" data-element_type=\"widget\" data-widget_type=\"heading.default\">\n\t\t\t\t\t<h2 class=\"elementor-heading-title elementor-size-default\">1. Informations g\u00e9n\u00e9rales<\/h2>\t\t\t\t<\/div>\n\t\t\t\t<div class=\"elementor-element elementor-element-645fc52 elementor-widget elementor-widget-text-editor\" data-id=\"645fc52\" data-element_type=\"widget\" data-widget_type=\"text-editor.default\">\n\t\t\t\t\t\t\t\t\t<p><span style=\"font-weight: 400;\">Cette politique concerne la soci\u00e9t\u00e9 NETSHOR. Le responsable du traitement est Tahiana Rajaona, Manager. Pour toute question li\u00e9e aux donn\u00e9es personnelles, vous pouvez \u00e9crire \u00e0 info@redigermemoire.com. Aucun d\u00e9l\u00e9gu\u00e9 \u00e0 la protection des donn\u00e9es n\u2019est nomm\u00e9.<\/span><\/p>\t\t\t\t\t\t\t\t<\/div>\n\t\t\t\t<div class=\"elementor-element elementor-element-21c4400 elementor-widget elementor-widget-heading\" data-id=\"21c4400\" data-element_type=\"widget\" data-widget_type=\"heading.default\">\n\t\t\t\t\t<h2 class=\"elementor-heading-title elementor-size-default\">2. Donn\u00e9es collect\u00e9es\n<\/h2>\t\t\t\t<\/div>\n\t\t\t\t<div class=\"elementor-element elementor-element-9f022bb elementor-widget elementor-widget-text-editor\" data-id=\"9f022bb\" data-element_type=\"widget\" data-widget_type=\"text-editor.default\">\n\t\t\t\t\t\t\t\t\t<p><span style=\"font-weight: 400;\">Nous proposons une aide compl\u00e8te pour la r\u00e9daction de m\u00e9moire, de th\u00e8se, de rapport de stage, de TFE, ainsi qu\u2019un service de correction et de pr\u00e9paration \u00e0 la soutenance. Ces services incluent un accompagnement personnalis\u00e9 et des r\u00e9visions gratuites dans un d\u00e9lai d\u00e9fini. Les r\u00e9visions hors p\u00e9rim\u00e8tre ne sont pas incluses. Nous garantissons un taux de plagiat de 0 % et ne pr\u00e9sentons pas nos prestations comme strictement p\u00e9dagogiques.<\/span><\/p>\t\t\t\t\t\t\t\t<\/div>\n\t\t\t\t<div class=\"elementor-element elementor-element-a9bd102 elementor-widget elementor-widget-heading\" data-id=\"a9bd102\" data-element_type=\"widget\" data-widget_type=\"heading.default\">\n\t\t\t\t\t<h2 class=\"elementor-heading-title elementor-size-default\">3. M\u00e9thodes de collecte<\/h2>\t\t\t\t<\/div>\n\t\t\t\t<div class=\"elementor-element elementor-element-c56311e elementor-widget elementor-widget-text-editor\" data-id=\"c56311e\" data-element_type=\"widget\" data-widget_type=\"text-editor.default\">\n\t\t\t\t\t\t\t\t\t<p><span style=\"font-weight: 400;\">Les donn\u00e9es sont collect\u00e9es via les formulaires du site, WhatsApp, les emails directs, l\u2019espace client ou les outils d\u2019analyse. Certaines informations sont aussi g\u00e9n\u00e9r\u00e9es lors de l\u2019utilisation du chatbot. L\u2019installation de cookies se fait apr\u00e8s consentement.<\/span><\/p>\t\t\t\t\t\t\t\t<\/div>\n\t\t\t\t<div class=\"elementor-element elementor-element-b12f25b elementor-widget elementor-widget-heading\" data-id=\"b12f25b\" data-element_type=\"widget\" data-widget_type=\"heading.default\">\n\t\t\t\t\t<h2 class=\"elementor-heading-title elementor-size-default\">4. Finalit\u00e9s du traitemen<\/h2>\t\t\t\t<\/div>\n\t\t\t\t<div class=\"elementor-element elementor-element-549b5c4 elementor-widget elementor-widget-text-editor\" data-id=\"549b5c4\" data-element_type=\"widget\" data-widget_type=\"text-editor.default\">\n\t\t\t\t\t\t\t\t\t<p><span style=\"font-weight: 400;\">Les donn\u00e9es sont utilis\u00e9es pour r\u00e9aliser les prestations, contacter le client, g\u00e9rer la facturation, analyser les performances du site et assurer la s\u00e9curit\u00e9 des fichiers. Elles peuvent aussi servir \u00e0 l\u2019envoi de newsletters si le client y consent. Elles contribuent \u00e9galement aux statistiques internes.<\/span><\/p>\t\t\t\t\t\t\t\t<\/div>\n\t\t\t\t<div class=\"elementor-element elementor-element-0b4b2dd elementor-widget elementor-widget-heading\" data-id=\"0b4b2dd\" data-element_type=\"widget\" data-widget_type=\"heading.default\">\n\t\t\t\t\t<h2 class=\"elementor-heading-title elementor-size-default\">5. Base l\u00e9gale<\/h2>\t\t\t\t<\/div>\n\t\t\t\t<div class=\"elementor-element elementor-element-136ed29 elementor-widget elementor-widget-text-editor\" data-id=\"136ed29\" data-element_type=\"widget\" data-widget_type=\"text-editor.default\">\n\t\t\t\t\t\t\t\t\t<p><span style=\"font-weight: 400;\">Le traitement repose principalement sur le consentement et sur certaines obligations l\u00e9gales comme l\u2019archivage comptable. Il ne repose pas sur l\u2019ex\u00e9cution d\u2019un contrat.<\/span><\/p>\t\t\t\t\t\t\t\t<\/div>\n\t\t\t\t<div class=\"elementor-element elementor-element-cf6b57a elementor-widget elementor-widget-heading\" data-id=\"cf6b57a\" data-element_type=\"widget\" data-widget_type=\"heading.default\">\n\t\t\t\t\t<h2 class=\"elementor-heading-title elementor-size-default\">6. Sous-traitants et prestataires<\/h2>\t\t\t\t<\/div>\n\t\t\t\t<div class=\"elementor-element elementor-element-f59d685 elementor-widget elementor-widget-text-editor\" data-id=\"f59d685\" data-element_type=\"widget\" data-widget_type=\"text-editor.default\">\n\t\t\t\t\t\t\t\t\t<p><span style=\"font-weight: 400;\">Nous collaborons avec OVH pour l\u2019h\u00e9bergement, Stripe pour les paiements, un CRM interne, Google Analytics et Tag Manager. Nos emails sont g\u00e9r\u00e9s via Outlook et Roundcube. Les documents sont stock\u00e9s dans un cloud s\u00e9curis\u00e9. Certains r\u00e9dacteurs externes peuvent acc\u00e9der aux fichiers si n\u00e9cessaire et sont soumis \u00e0 une obligation de confidentialit\u00e9.<\/span><\/p>\t\t\t\t\t\t\t\t<\/div>\n\t\t\t\t<div class=\"elementor-element elementor-element-4d8006e elementor-widget elementor-widget-heading\" data-id=\"4d8006e\" data-element_type=\"widget\" data-widget_type=\"heading.default\">\n\t\t\t\t\t<h2 class=\"elementor-heading-title elementor-size-default\">7. Cookies et traceurs<\/h2>\t\t\t\t<\/div>\n\t\t\t\t<div class=\"elementor-element elementor-element-02063d7 elementor-widget elementor-widget-text-editor\" data-id=\"02063d7\" data-element_type=\"widget\" data-widget_type=\"text-editor.default\">\n\t\t\t\t\t\t\t\t\t<p><span style=\"font-weight: 400;\">Nous utilisons des cookies essentiels et analytiques, mais aucun cookie publicitaire. Un bandeau d\u2019information g\u00e9r\u00e9 par Complianz permet d\u2019obtenir votre consentement. Les cookies sont conserv\u00e9s pendant un an.<\/span><\/p>\t\t\t\t\t\t\t\t<\/div>\n\t\t\t\t<div class=\"elementor-element elementor-element-5e43262 elementor-widget elementor-widget-heading\" data-id=\"5e43262\" data-element_type=\"widget\" data-widget_type=\"heading.default\">\n\t\t\t\t\t<h2 class=\"elementor-heading-title elementor-size-default\">8. Dur\u00e9e de conservation<\/h2>\t\t\t\t<\/div>\n\t\t\t\t<div class=\"elementor-element elementor-element-0e823ca elementor-widget elementor-widget-text-editor\" data-id=\"0e823ca\" data-element_type=\"widget\" data-widget_type=\"text-editor.default\">\n\t\t\t\t\t\t\t\t\t<p><span style=\"font-weight: 400;\">Les documents envoy\u00e9s sont conserv\u00e9s pendant trois mois, sauf si la dur\u00e9e de la prestation n\u00e9cessite un d\u00e9lai plus long. Les donn\u00e9es personnelles sont conserv\u00e9es un an. Les comptes inactifs sont supprim\u00e9s apr\u00e8s un an. Les donn\u00e9es relatives \u00e0 la facturation sont conserv\u00e9es dix ans comme l\u2019impose la loi.<\/span><\/p>\t\t\t\t\t\t\t\t<\/div>\n\t\t\t\t<div class=\"elementor-element elementor-element-9147bf8 elementor-widget elementor-widget-heading\" data-id=\"9147bf8\" data-element_type=\"widget\" data-widget_type=\"heading.default\">\n\t\t\t\t\t<h2 class=\"elementor-heading-title elementor-size-default\">9. Partage et transferts<\/h2>\t\t\t\t<\/div>\n\t\t\t\t<div class=\"elementor-element elementor-element-41f9c7b elementor-widget elementor-widget-text-editor\" data-id=\"41f9c7b\" data-element_type=\"widget\" data-widget_type=\"text-editor.default\">\n\t\t\t\t\t\t\t\t\t<p><span style=\"font-weight: 400;\">Nous ne partageons aucune donn\u00e9e avec des partenaires. Certains outils que nous utilisons peuvent \u00eatre bas\u00e9s aux \u00c9tats-Unis. Malgr\u00e9 cela, les donn\u00e9es ne sont pas transf\u00e9r\u00e9es hors de l\u2019Union europ\u00e9enne. Nous appliquons des mesures de s\u00e9curit\u00e9 appropri\u00e9es.<\/span><\/p>\t\t\t\t\t\t\t\t<\/div>\n\t\t\t\t<div class=\"elementor-element elementor-element-8e2eb2b elementor-widget elementor-widget-heading\" data-id=\"8e2eb2b\" data-element_type=\"widget\" data-widget_type=\"heading.default\">\n\t\t\t\t\t<h2 class=\"elementor-heading-title elementor-size-default\">10. S\u00e9curit\u00e9 des donn\u00e9es\n<\/h2>\t\t\t\t<\/div>\n\t\t\t\t<div class=\"elementor-element elementor-element-636cdf5 elementor-widget elementor-widget-text-editor\" data-id=\"636cdf5\" data-element_type=\"widget\" data-widget_type=\"text-editor.default\">\n\t\t\t\t\t\t\t\t\t<p><span style=\"font-weight: 400;\">Les donn\u00e9es sont stock\u00e9es dans un cloud s\u00e9curis\u00e9 avec un acc\u00e8s restreint. Les mots de passe sont prot\u00e9g\u00e9s. Les documents ne sont pas crypt\u00e9s mais restent accessibles uniquement via un espace s\u00e9curis\u00e9. Les suppressions sont effectu\u00e9es manuellement. Les documents partag\u00e9s le sont uniquement via un cloud s\u00e9curis\u00e9. Les demandes concernant les donn\u00e9es personnelles re\u00e7oivent une r\u00e9ponse dans un d\u00e9lai maximum de trente jours.<\/span><\/p>\t\t\t\t\t\t\t\t<\/div>\n\t\t\t\t<div class=\"elementor-element elementor-element-5110d05 elementor-widget elementor-widget-heading\" data-id=\"5110d05\" data-element_type=\"widget\" data-widget_type=\"heading.default\">\n\t\t\t\t\t<h2 class=\"elementor-heading-title elementor-size-default\">11. Mineurs<\/h2>\t\t\t\t<\/div>\n\t\t\t\t<div class=\"elementor-element elementor-element-71e9a9f elementor-widget elementor-widget-text-editor\" data-id=\"71e9a9f\" data-element_type=\"widget\" data-widget_type=\"text-editor.default\">\n\t\t\t\t\t\t\t\t\t<p><span style=\"font-weight: 400;\">Le site n\u2019accepte pas les utilisateurs mineurs et aucune prestation n\u2019est destin\u00e9e aux personnes de moins de 18 ans.<\/span><\/p>\t\t\t\t\t\t\t\t<\/div>\n\t\t\t\t\t<\/div>\n\t\t\t\t<\/div>\n\t\t\t\t<\/div>","protected":false},"excerpt":{"rendered":"<p>\ud83d\udcc3 Politique de confidentialit\u00e9 1. Informations g\u00e9n\u00e9rales Cette politique concerne la soci\u00e9t\u00e9 NETSHOR. Le responsable du traitement est Tahiana Rajaona, Manager. Pour toute question li\u00e9e aux donn\u00e9es personnelles, vous pouvez \u00e9crire \u00e0 info@redigermemoire.com. Aucun d\u00e9l\u00e9gu\u00e9 \u00e0 la protection des donn\u00e9es n\u2019est nomm\u00e9. 2. Donn\u00e9es collect\u00e9es Nous proposons une aide compl\u00e8te pour la r\u00e9daction de m\u00e9moire, [&hellip;]<\/p>","protected":false},"author":1,"featured_media":0,"parent":0,"menu_order":0,"comment_status":"closed","ping_status":"closed","template":"elementor_header_footer","meta":{"_acf_changed":false,"inline_featured_image":false,"_glsr_average":0,"_glsr_ranking":0,"_glsr_reviews":0,"footnotes":""},"class_list":["post-15624","page","type-page","status-publish","hentry"],"acf":[],"yoast_head":"<!-- This site is optimized with the Yoast SEO plugin v26.8 - https:\/\/yoast.com\/product\/yoast-seo-wordpress\/ -->\n<title>Tu peux me faire un retour, comme \u00e7a je le ferai demain.<\/title>\n<meta name=\"description\" content=\"D\u00e9couvrez notre politique de confidentialit\u00e9 : donn\u00e9es collect\u00e9es, finalit\u00e9s du traitement, dur\u00e9e de conservation, s\u00e9curit\u00e9 et droits des utilisateurs.\" \/>\n<meta name=\"robots\" content=\"index, follow, max-snippet:-1, max-image-preview:large, max-video-preview:-1\" \/>\n<link rel=\"canonical\" href=\"https:\/\/www.redigermemoire.com\/en\/politique-de-confidentialite\/\" \/>\n<meta property=\"og:locale\" content=\"en_US\" \/>\n<meta property=\"og:type\" content=\"article\" \/>\n<meta property=\"og:title\" content=\"Tu peux me faire un retour, comme \u00e7a je le ferai demain.\" \/>\n<meta property=\"og:description\" content=\"D\u00e9couvrez notre politique de confidentialit\u00e9 : donn\u00e9es collect\u00e9es, finalit\u00e9s du traitement, dur\u00e9e de conservation, s\u00e9curit\u00e9 et droits des utilisateurs.\" \/>\n<meta property=\"og:url\" content=\"https:\/\/www.redigermemoire.com\/en\/politique-de-confidentialite\/\" \/>\n<meta property=\"og:site_name\" content=\"R\u00e9diger M\u00e9moire\" \/>\n<meta property=\"article:publisher\" content=\"https:\/\/www.facebook.com\/aideredactionmemoire\" \/>\n<meta property=\"article:modified_time\" content=\"2025-11-25T04:40:25+00:00\" \/>\n<meta name=\"twitter:card\" content=\"summary_large_image\" \/>\n<meta name=\"twitter:site\" content=\"@Redigermemoire\" \/>\n<meta name=\"twitter:label1\" content=\"Est. reading time\" \/>\n\t<meta name=\"twitter:data1\" content=\"3 minutes\" \/>\n<script type=\"application\/ld+json\" class=\"yoast-schema-graph\">{\"@context\":\"https:\/\/schema.org\",\"@graph\":[{\"@type\":\"WebPage\",\"@id\":\"https:\/\/www.redigermemoire.com\/politique-de-confidentialite\/\",\"url\":\"https:\/\/www.redigermemoire.com\/politique-de-confidentialite\/\",\"name\":\"Tu peux me faire un retour, comme \u00e7a je le ferai demain.\",\"isPartOf\":{\"@id\":\"https:\/\/www.redigermemoire.com\/#website\"},\"datePublished\":\"2025-11-24T14:42:45+00:00\",\"dateModified\":\"2025-11-25T04:40:25+00:00\",\"description\":\"D\u00e9couvrez notre politique de confidentialit\u00e9 : donn\u00e9es collect\u00e9es, finalit\u00e9s du traitement, dur\u00e9e de conservation, s\u00e9curit\u00e9 et droits des utilisateurs.\",\"breadcrumb\":{\"@id\":\"https:\/\/www.redigermemoire.com\/politique-de-confidentialite\/#breadcrumb\"},\"inLanguage\":\"en-US\",\"potentialAction\":[{\"@type\":\"ReadAction\",\"target\":[\"https:\/\/www.redigermemoire.com\/politique-de-confidentialite\/\"]}]},{\"@type\":\"BreadcrumbList\",\"@id\":\"https:\/\/www.redigermemoire.com\/politique-de-confidentialite\/#breadcrumb\",\"itemListElement\":[{\"@type\":\"ListItem\",\"position\":1,\"name\":\"Accueil\",\"item\":\"https:\/\/www.redigermemoire.com\/\"},{\"@type\":\"ListItem\",\"position\":2,\"name\":\"Politique de confidentialit\u00e9\"}]},{\"@type\":\"WebSite\",\"@id\":\"https:\/\/www.redigermemoire.com\/#website\",\"url\":\"https:\/\/www.redigermemoire.com\/\",\"name\":\"R\u00e9diger M\u00e9moire\",\"description\":\"Pour la r\u00e9ussite des \u00e9tudiants\",\"publisher\":{\"@id\":\"https:\/\/www.redigermemoire.com\/#organization\"},\"potentialAction\":[{\"@type\":\"SearchAction\",\"target\":{\"@type\":\"EntryPoint\",\"urlTemplate\":\"https:\/\/www.redigermemoire.com\/?s={search_term_string}\"},\"query-input\":{\"@type\":\"PropertyValueSpecification\",\"valueRequired\":true,\"valueName\":\"search_term_string\"}}],\"inLanguage\":\"en-US\"},{\"@type\":\"Organization\",\"@id\":\"https:\/\/www.redigermemoire.com\/#organization\",\"name\":\"REDIGER MEMOIRE\",\"url\":\"https:\/\/www.redigermemoire.com\/\",\"logo\":{\"@type\":\"ImageObject\",\"inLanguage\":\"en-US\",\"@id\":\"https:\/\/www.redigermemoire.com\/#\/schema\/logo\/image\/\",\"url\":\"https:\/\/www.redigermemoire.com\/wp-content\/uploads\/2025\/07\/Votre-texte-de-paragraphe-250-x-100-px.svg\",\"contentUrl\":\"https:\/\/www.redigermemoire.com\/wp-content\/uploads\/2025\/07\/Votre-texte-de-paragraphe-250-x-100-px.svg\",\"width\":250,\"height\":100,\"caption\":\"REDIGER MEMOIRE\"},\"image\":{\"@id\":\"https:\/\/www.redigermemoire.com\/#\/schema\/logo\/image\/\"},\"sameAs\":[\"https:\/\/www.facebook.com\/aideredactionmemoire\",\"https:\/\/x.com\/Redigermemoire\"]}]}<\/script>\n<!-- \/ Yoast SEO plugin. -->","yoast_head_json":{"title":"Tu peux me faire un retour, comme \u00e7a je le ferai demain.","description":"D\u00e9couvrez notre politique de confidentialit\u00e9 : donn\u00e9es collect\u00e9es, finalit\u00e9s du traitement, dur\u00e9e de conservation, s\u00e9curit\u00e9 et droits des utilisateurs.","robots":{"index":"index","follow":"follow","max-snippet":"max-snippet:-1","max-image-preview":"max-image-preview:large","max-video-preview":"max-video-preview:-1"},"canonical":"https:\/\/www.redigermemoire.com\/en\/politique-de-confidentialite\/","og_locale":"en_US","og_type":"article","og_title":"Tu peux me faire un retour, comme \u00e7a je le ferai demain.","og_description":"D\u00e9couvrez notre politique de confidentialit\u00e9 : donn\u00e9es collect\u00e9es, finalit\u00e9s du traitement, dur\u00e9e de conservation, s\u00e9curit\u00e9 et droits des utilisateurs.","og_url":"https:\/\/www.redigermemoire.com\/en\/politique-de-confidentialite\/","og_site_name":"R\u00e9diger M\u00e9moire","article_publisher":"https:\/\/www.facebook.com\/aideredactionmemoire","article_modified_time":"2025-11-25T04:40:25+00:00","twitter_card":"summary_large_image","twitter_site":"@Redigermemoire","twitter_misc":{"Est. reading time":"3 minutes"},"schema":{"@context":"https:\/\/schema.org","@graph":[{"@type":"WebPage","@id":"https:\/\/www.redigermemoire.com\/politique-de-confidentialite\/","url":"https:\/\/www.redigermemoire.com\/politique-de-confidentialite\/","name":"Tu peux me faire un retour, comme \u00e7a je le ferai demain.","isPartOf":{"@id":"https:\/\/www.redigermemoire.com\/#website"},"datePublished":"2025-11-24T14:42:45+00:00","dateModified":"2025-11-25T04:40:25+00:00","description":"D\u00e9couvrez notre politique de confidentialit\u00e9 : donn\u00e9es collect\u00e9es, finalit\u00e9s du traitement, dur\u00e9e de conservation, s\u00e9curit\u00e9 et droits des utilisateurs.","breadcrumb":{"@id":"https:\/\/www.redigermemoire.com\/politique-de-confidentialite\/#breadcrumb"},"inLanguage":"en-US","potentialAction":[{"@type":"ReadAction","target":["https:\/\/www.redigermemoire.com\/politique-de-confidentialite\/"]}]},{"@type":"BreadcrumbList","@id":"https:\/\/www.redigermemoire.com\/politique-de-confidentialite\/#breadcrumb","itemListElement":[{"@type":"ListItem","position":1,"name":"Accueil","item":"https:\/\/www.redigermemoire.com\/"},{"@type":"ListItem","position":2,"name":"Politique de confidentialit\u00e9"}]},{"@type":"WebSite","@id":"https:\/\/www.redigermemoire.com\/#website","url":"https:\/\/www.redigermemoire.com\/","name":"R\u00e9diger M\u00e9moire","description":"Pour la r\u00e9ussite des \u00e9tudiants","publisher":{"@id":"https:\/\/www.redigermemoire.com\/#organization"},"potentialAction":[{"@type":"SearchAction","target":{"@type":"EntryPoint","urlTemplate":"https:\/\/www.redigermemoire.com\/?s={search_term_string}"},"query-input":{"@type":"PropertyValueSpecification","valueRequired":true,"valueName":"search_term_string"}}],"inLanguage":"en-US"},{"@type":"Organization","@id":"https:\/\/www.redigermemoire.com\/#organization","name":"REDIGER MEMOIRE","url":"https:\/\/www.redigermemoire.com\/","logo":{"@type":"ImageObject","inLanguage":"en-US","@id":"https:\/\/www.redigermemoire.com\/#\/schema\/logo\/image\/","url":"https:\/\/www.redigermemoire.com\/wp-content\/uploads\/2025\/07\/Votre-texte-de-paragraphe-250-x-100-px.svg","contentUrl":"https:\/\/www.redigermemoire.com\/wp-content\/uploads\/2025\/07\/Votre-texte-de-paragraphe-250-x-100-px.svg","width":250,"height":100,"caption":"REDIGER MEMOIRE"},"image":{"@id":"https:\/\/www.redigermemoire.com\/#\/schema\/logo\/image\/"},"sameAs":["https:\/\/www.facebook.com\/aideredactionmemoire","https:\/\/x.com\/Redigermemoire"]}]}},"jetpack_sharing_enabled":true,"_links":{"self":[{"href":"https:\/\/www.redigermemoire.com\/en\/wp-json\/wp\/v2\/pages\/15624","targetHints":{"allow":["GET"]}}],"collection":[{"href":"https:\/\/www.redigermemoire.com\/en\/wp-json\/wp\/v2\/pages"}],"about":[{"href":"https:\/\/www.redigermemoire.com\/en\/wp-json\/wp\/v2\/types\/page"}],"author":[{"embeddable":true,"href":"https:\/\/www.redigermemoire.com\/en\/wp-json\/wp\/v2\/users\/1"}],"replies":[{"embeddable":true,"href":"https:\/\/www.redigermemoire.com\/en\/wp-json\/wp\/v2\/comments?post=15624"}],"version-history":[{"count":0,"href":"https:\/\/www.redigermemoire.com\/en\/wp-json\/wp\/v2\/pages\/15624\/revisions"}],"wp:attachment":[{"href":"https:\/\/www.redigermemoire.com\/en\/wp-json\/wp\/v2\/media?parent=15624"}],"curies":[{"name":"wp","href":"https:\/\/api.w.org\/{rel}","templated":true}]}}