 

{"id":1595,"date":"2023-04-18T05:47:02","date_gmt":"2023-04-18T03:47:02","guid":{"rendered":"https:\/\/site.redigermemoire.com\/?page_id=1595"},"modified":"2023-09-15T12:12:24","modified_gmt":"2023-09-15T10:12:24","slug":"politique-de-confidentialite-2","status":"publish","type":"page","link":"https:\/\/www.redigermemoire.com\/en\/politique-de-confidentialite-2\/","title":{"rendered":"Politique de confidentialit\u00e9"},"content":{"rendered":"<h1 class=\"wp-block-heading has-large-font-size\">Politique de confidentialit\u00e9<\/h1>\n\n\n\n<p class=\"justification_texte\">Merci de lire scrupuleusement notre politique de confidentialit\u00e9. L\u2019utilisation du site internet ainsi que l\u2019appel \u00e0 ses services explique clairement que vous acceptez les r\u00e8gles de confidentialit\u00e9. Dans la mesure o\u00f9 vous n\u2019\u00eates pas en accord avec la totalit\u00e9 ou une partie des termes de cette politique, nous vous proposons de ne pas vous servir du site web ni de ses services qui y sont pr\u00e9sent\u00e9s. Face \u00e0 l\u2019am\u00e9lioration des outils de communication, la pr\u00e9servation de la s\u00e9curit\u00e9 reste primordiale. Ainsi, nous promettons le respect de la confidentialit\u00e9 des renseignements et informations personnels que nous De ce fait, nous nous engageons \u00e0 respecter la confidentialit\u00e9 des renseignements personnels que nous recevons.<\/p>\n\n\n\n<h2 class=\"wp-block-heading has-large-font-size\">Formulaire et interactivit\u00e9<\/h2>\n\n\n\n<p class=\"justification_texte\">Vos informations personnelles sont rassembl\u00e9es gr\u00e2ce \u00e0 un formulaire de contact. Nous employons ces informations re\u00e7ues pour :<\/p>\n\n\n\n<ul class=\"wp-block-list\">\n<li>R\u00e9ponse aux mails envoy\u00e9s<\/li>\n<\/ul>\n\n\n\n<p class=\"justification_texte\">Etant donn\u00e9 que les informations re\u00e7ues ne sont pas enregistr\u00e9es, il n\u2019y a pas lieu de les radier ou de les modifier.<\/p>\n\n\n\n<h2 class=\"wp-block-heading has-large-font-size\">Contenu des prestations<\/h2>\n\n\n\n<p class=\"justification_texte\">Le site \u00ab&nbsp;redigermemoire.com&nbsp;\u00bb produit par l\u2019entreprise NETSH\u2019OR (qualifi\u00e9e comme \u00ab&nbsp;la soci\u00e9t\u00e9&nbsp;\u00bb) autorise \u00e0 des professionnels ou des particuliers (qualifi\u00e9s comme \u00ab&nbsp;clients&nbsp;\u00bb) d\u2019acheter des prestations de services, \u00e9tant des documents.<\/p>\n\n\n\n<ul class=\"wp-block-list\">\n<li class=\"justification_texte\">Service d\u2019aide \u00e0 la r\u00e9daction : La soci\u00e9t\u00e9 aide le client dans la cr\u00e9ation d\u2019un document original selon le th\u00e8me impos\u00e9 par le client : proposition d\u2019un plan, d\u2019une probl\u00e9matique et de l\u2019ensemble du document.<\/li>\n\n\n\n<li class=\"justification_texte\">Service de correction et de relecture : Le client soumet un document pour correction des fautes autant sur le fond que la forme.<\/li>\n\n\n\n<li class=\"justification_texte\">Service de pr\u00e9paration de la soutenance : Apr\u00e8s r\u00e9ception du document servant \u00e0 la soutenance, la soci\u00e9t\u00e9 con\u00e7oit le discours et la pr\u00e9sentation sur Powerpoint.<\/li>\n\n\n\n<li class=\"justification_texte\">Service de mise en page : La soci\u00e9t\u00e9 propose la mise en page du document soumis par le client selon les normes donn\u00e9es.<\/li>\n<\/ul>\n\n\n\n<h2 class=\"wp-block-heading has-large-font-size\">Utilisation des services du site<\/h2>\n\n\n\n<p class=\"justification_texte\">L\u2019utilisation des services du site \u00ab&nbsp;redigermemoire.com&nbsp;\u00bb est soumise \u00e0 l\u2019acceptation des conditions suivantes :<\/p>\n\n\n\n<p>Netshor se r\u00e9serve le droit de changer et\/ou am\u00e9liorer les conditions g\u00e9n\u00e9rales \u00e0 tout moment.<\/p>\n\n\n\n<ul class=\"wp-block-list\">\n<li class=\"justification_texte\">Obligations des clients : Tout client proposant une mission \u00e0 Netshor doit donner toutes les informations \u00e0 sa disposition qui permettent de mener \u00e0 bien les t\u00e2ches du r\u00e9dacteur.<\/li>\n\n\n\n<li class=\"justification_texte\">Obligations de la soci\u00e9t\u00e9 : Les r\u00e9dacteurs de Netshor se doivent de respecter la confidentialit\u00e9 de la mission qui leur est donn\u00e9e.<\/li>\n<\/ul>\n\n\n\n<h2 class=\"wp-block-heading has-large-font-size\">Conditions de paiement<\/h2>\n\n\n\n<p class=\"justification_texte\">Tous les paiements se font avant les travaux. Le client peut payer par tranche selon son choix. Dans cette hypoth\u00e8se, la soci\u00e9t\u00e9 livrera l\u2019\u00e9volution du document en fonction de la somme re\u00e7ue. En cas d\u2019annulation de la commande, aucun remboursement ne sera effectu\u00e9.<\/p>\n\n\n\n<h2 class=\"wp-block-heading has-large-font-size\">Garantie \u2013 Responsabilit\u00e9<\/h2>\n\n\n\n<p class=\"justification_texte\">L\u2019entreprise Netshor rejette toute responsabilit\u00e9 par rapport au document produit, ou corrig\u00e9 par ses \u00e9quipes. Vous acceptez les risques de l\u2019utilisation des services de Netshor et notamment :<\/p>\n\n\n\n<ul class=\"wp-block-list\">\n<li>Que l\u2019emploi des services suit vos exigences ;<\/li>\n\n\n\n<li>L\u2019authenticit\u00e9 et l\u2019exactitude des informations obtenues apr\u00e8s usage des services ;<\/li>\n\n\n\n<li class=\"justification_texte\">La soci\u00e9t\u00e9 Netshor ne peut \u00eatre tenue responsable de tout incident, direct ou indirect. Le client exempte l\u2019entreprise de toute condamnation \u00e0 l\u2019utilisation de ses services.<\/li>\n<\/ul>\n\n\n\n<h2 class=\"wp-block-heading has-large-font-size\">Propri\u00e9t\u00e9 Intellectuelle<\/h2>\n\n\n\n<p class=\"justification_texte\">Netshor laisse l\u2019int\u00e9gralit\u00e9 des droits d\u2019auteur au client, de fa\u00e7on exclusive et irr\u00e9vocable. Par contre, ce transfert n\u2019est valable qu\u2019\u00e0 la suite du paiement total du co\u00fbt du service rendu. Pour toutes questions, merci de nous contacter<\/p>\n\n\n\n<h2 class=\"wp-block-heading has-large-font-size\">Mentions L\u00e9gales<\/h2>\n\n\n\n<p>Le pr\u00e9sent site est \u00e9dit\u00e9 par l\u2019entreprise NETSHOR \u2013 Entreprise individuelle immatricul\u00e9e au RCS sous le num\u00e9ro 2014 A 00490.<br>Num\u00e9ro Statistique : 62021 11 2012 0 00228<br>NIF : 5 000 944 495<br>T\u00e9l : 09 77 19 97 69<br>Contact : Formulaire de contact<br>Directeur de la Publication : Sehenu Rah<br>H\u00e9bergeur du site : OVH<\/p>","protected":false},"excerpt":{"rendered":"<p>Politique de confidentialit\u00e9 Merci de lire scrupuleusement notre politique de confidentialit\u00e9. L\u2019utilisation du site internet ainsi que l\u2019appel \u00e0 ses services explique clairement que vous acceptez les r\u00e8gles de confidentialit\u00e9. Dans la mesure o\u00f9 vous n\u2019\u00eates pas en accord avec la totalit\u00e9 ou une partie des termes de cette politique, nous vous proposons de ne [&hellip;]<\/p>","protected":false},"author":1,"featured_media":0,"parent":0,"menu_order":0,"comment_status":"closed","ping_status":"closed","template":"","meta":{"_acf_changed":false,"inline_featured_image":false,"_glsr_average":0,"_glsr_ranking":0,"_glsr_reviews":0,"footnotes":""},"class_list":["post-1595","page","type-page","status-publish","hentry"],"acf":[],"yoast_head":"<!-- This site is optimized with the Yoast SEO plugin v26.8 - https:\/\/yoast.com\/product\/yoast-seo-wordpress\/ -->\n<title>Politique de confidentialit\u00e9 - R\u00e9diger M\u00e9moire<\/title>\n<meta name=\"robots\" content=\"noindex, nofollow\" \/>\n<meta property=\"og:locale\" content=\"en_US\" \/>\n<meta property=\"og:type\" content=\"article\" \/>\n<meta property=\"og:title\" content=\"Politique de confidentialit\u00e9 - R\u00e9diger M\u00e9moire\" \/>\n<meta property=\"og:description\" content=\"Politique de confidentialit\u00e9 Merci de lire scrupuleusement notre politique de confidentialit\u00e9. L\u2019utilisation du site internet ainsi que l\u2019appel \u00e0 ses services explique clairement que vous acceptez les r\u00e8gles de confidentialit\u00e9. Dans la mesure o\u00f9 vous n\u2019\u00eates pas en accord avec la totalit\u00e9 ou une partie des termes de cette politique, nous vous proposons de ne [&hellip;]\" \/>\n<meta property=\"og:url\" content=\"https:\/\/www.redigermemoire.com\/en\/politique-de-confidentialite-2\/\" \/>\n<meta property=\"og:site_name\" content=\"R\u00e9diger M\u00e9moire\" \/>\n<meta property=\"article:publisher\" content=\"https:\/\/www.facebook.com\/aideredactionmemoire\" \/>\n<meta property=\"article:modified_time\" content=\"2023-09-15T10:12:24+00:00\" \/>\n<meta name=\"twitter:card\" content=\"summary_large_image\" \/>\n<meta name=\"twitter:site\" content=\"@Redigermemoire\" \/>\n<meta name=\"twitter:label1\" content=\"Est. reading time\" \/>\n\t<meta name=\"twitter:data1\" content=\"3 minutes\" \/>\n<script type=\"application\/ld+json\" class=\"yoast-schema-graph\">{\"@context\":\"https:\/\/schema.org\",\"@graph\":[{\"@type\":\"WebPage\",\"@id\":\"https:\/\/www.redigermemoire.com\/politique-de-confidentialite-2\/\",\"url\":\"https:\/\/www.redigermemoire.com\/politique-de-confidentialite-2\/\",\"name\":\"Politique de confidentialit\u00e9 - R\u00e9diger M\u00e9moire\",\"isPartOf\":{\"@id\":\"https:\/\/www.redigermemoire.com\/#website\"},\"datePublished\":\"2023-04-18T03:47:02+00:00\",\"dateModified\":\"2023-09-15T10:12:24+00:00\",\"breadcrumb\":{\"@id\":\"https:\/\/www.redigermemoire.com\/politique-de-confidentialite-2\/#breadcrumb\"},\"inLanguage\":\"en-US\",\"potentialAction\":[{\"@type\":\"ReadAction\",\"target\":[\"https:\/\/www.redigermemoire.com\/politique-de-confidentialite-2\/\"]}]},{\"@type\":\"BreadcrumbList\",\"@id\":\"https:\/\/www.redigermemoire.com\/politique-de-confidentialite-2\/#breadcrumb\",\"itemListElement\":[{\"@type\":\"ListItem\",\"position\":1,\"name\":\"Accueil\",\"item\":\"https:\/\/www.redigermemoire.com\/\"},{\"@type\":\"ListItem\",\"position\":2,\"name\":\"Politique de confidentialit\u00e9\"}]},{\"@type\":\"WebSite\",\"@id\":\"https:\/\/www.redigermemoire.com\/#website\",\"url\":\"https:\/\/www.redigermemoire.com\/\",\"name\":\"R\u00e9diger M\u00e9moire\",\"description\":\"Pour la r\u00e9ussite des \u00e9tudiants\",\"publisher\":{\"@id\":\"https:\/\/www.redigermemoire.com\/#organization\"},\"potentialAction\":[{\"@type\":\"SearchAction\",\"target\":{\"@type\":\"EntryPoint\",\"urlTemplate\":\"https:\/\/www.redigermemoire.com\/?s={search_term_string}\"},\"query-input\":{\"@type\":\"PropertyValueSpecification\",\"valueRequired\":true,\"valueName\":\"search_term_string\"}}],\"inLanguage\":\"en-US\"},{\"@type\":\"Organization\",\"@id\":\"https:\/\/www.redigermemoire.com\/#organization\",\"name\":\"REDIGER MEMOIRE\",\"url\":\"https:\/\/www.redigermemoire.com\/\",\"logo\":{\"@type\":\"ImageObject\",\"inLanguage\":\"en-US\",\"@id\":\"https:\/\/www.redigermemoire.com\/#\/schema\/logo\/image\/\",\"url\":\"https:\/\/www.redigermemoire.com\/wp-content\/uploads\/2025\/07\/Votre-texte-de-paragraphe-250-x-100-px.svg\",\"contentUrl\":\"https:\/\/www.redigermemoire.com\/wp-content\/uploads\/2025\/07\/Votre-texte-de-paragraphe-250-x-100-px.svg\",\"width\":250,\"height\":100,\"caption\":\"REDIGER MEMOIRE\"},\"image\":{\"@id\":\"https:\/\/www.redigermemoire.com\/#\/schema\/logo\/image\/\"},\"sameAs\":[\"https:\/\/www.facebook.com\/aideredactionmemoire\",\"https:\/\/x.com\/Redigermemoire\"]}]}<\/script>\n<!-- \/ Yoast SEO plugin. -->","yoast_head_json":{"title":"Politique de confidentialit\u00e9 - R\u00e9diger M\u00e9moire","robots":{"index":"noindex","follow":"nofollow"},"og_locale":"en_US","og_type":"article","og_title":"Politique de confidentialit\u00e9 - R\u00e9diger M\u00e9moire","og_description":"Politique de confidentialit\u00e9 Merci de lire scrupuleusement notre politique de confidentialit\u00e9. L\u2019utilisation du site internet ainsi que l\u2019appel \u00e0 ses services explique clairement que vous acceptez les r\u00e8gles de confidentialit\u00e9. Dans la mesure o\u00f9 vous n\u2019\u00eates pas en accord avec la totalit\u00e9 ou une partie des termes de cette politique, nous vous proposons de ne [&hellip;]","og_url":"https:\/\/www.redigermemoire.com\/en\/politique-de-confidentialite-2\/","og_site_name":"R\u00e9diger M\u00e9moire","article_publisher":"https:\/\/www.facebook.com\/aideredactionmemoire","article_modified_time":"2023-09-15T10:12:24+00:00","twitter_card":"summary_large_image","twitter_site":"@Redigermemoire","twitter_misc":{"Est. reading time":"3 minutes"},"schema":{"@context":"https:\/\/schema.org","@graph":[{"@type":"WebPage","@id":"https:\/\/www.redigermemoire.com\/politique-de-confidentialite-2\/","url":"https:\/\/www.redigermemoire.com\/politique-de-confidentialite-2\/","name":"Politique de confidentialit\u00e9 - R\u00e9diger M\u00e9moire","isPartOf":{"@id":"https:\/\/www.redigermemoire.com\/#website"},"datePublished":"2023-04-18T03:47:02+00:00","dateModified":"2023-09-15T10:12:24+00:00","breadcrumb":{"@id":"https:\/\/www.redigermemoire.com\/politique-de-confidentialite-2\/#breadcrumb"},"inLanguage":"en-US","potentialAction":[{"@type":"ReadAction","target":["https:\/\/www.redigermemoire.com\/politique-de-confidentialite-2\/"]}]},{"@type":"BreadcrumbList","@id":"https:\/\/www.redigermemoire.com\/politique-de-confidentialite-2\/#breadcrumb","itemListElement":[{"@type":"ListItem","position":1,"name":"Accueil","item":"https:\/\/www.redigermemoire.com\/"},{"@type":"ListItem","position":2,"name":"Politique de confidentialit\u00e9"}]},{"@type":"WebSite","@id":"https:\/\/www.redigermemoire.com\/#website","url":"https:\/\/www.redigermemoire.com\/","name":"R\u00e9diger M\u00e9moire","description":"Pour la r\u00e9ussite des \u00e9tudiants","publisher":{"@id":"https:\/\/www.redigermemoire.com\/#organization"},"potentialAction":[{"@type":"SearchAction","target":{"@type":"EntryPoint","urlTemplate":"https:\/\/www.redigermemoire.com\/?s={search_term_string}"},"query-input":{"@type":"PropertyValueSpecification","valueRequired":true,"valueName":"search_term_string"}}],"inLanguage":"en-US"},{"@type":"Organization","@id":"https:\/\/www.redigermemoire.com\/#organization","name":"REDIGER MEMOIRE","url":"https:\/\/www.redigermemoire.com\/","logo":{"@type":"ImageObject","inLanguage":"en-US","@id":"https:\/\/www.redigermemoire.com\/#\/schema\/logo\/image\/","url":"https:\/\/www.redigermemoire.com\/wp-content\/uploads\/2025\/07\/Votre-texte-de-paragraphe-250-x-100-px.svg","contentUrl":"https:\/\/www.redigermemoire.com\/wp-content\/uploads\/2025\/07\/Votre-texte-de-paragraphe-250-x-100-px.svg","width":250,"height":100,"caption":"REDIGER MEMOIRE"},"image":{"@id":"https:\/\/www.redigermemoire.com\/#\/schema\/logo\/image\/"},"sameAs":["https:\/\/www.facebook.com\/aideredactionmemoire","https:\/\/x.com\/Redigermemoire"]}]}},"jetpack_sharing_enabled":true,"_links":{"self":[{"href":"https:\/\/www.redigermemoire.com\/en\/wp-json\/wp\/v2\/pages\/1595","targetHints":{"allow":["GET"]}}],"collection":[{"href":"https:\/\/www.redigermemoire.com\/en\/wp-json\/wp\/v2\/pages"}],"about":[{"href":"https:\/\/www.redigermemoire.com\/en\/wp-json\/wp\/v2\/types\/page"}],"author":[{"embeddable":true,"href":"https:\/\/www.redigermemoire.com\/en\/wp-json\/wp\/v2\/users\/1"}],"replies":[{"embeddable":true,"href":"https:\/\/www.redigermemoire.com\/en\/wp-json\/wp\/v2\/comments?post=1595"}],"version-history":[{"count":0,"href":"https:\/\/www.redigermemoire.com\/en\/wp-json\/wp\/v2\/pages\/1595\/revisions"}],"wp:attachment":[{"href":"https:\/\/www.redigermemoire.com\/en\/wp-json\/wp\/v2\/media?parent=1595"}],"curies":[{"name":"wp","href":"https:\/\/api.w.org\/{rel}","templated":true}]}}