 

{"id":4375,"date":"2023-10-25T16:20:34","date_gmt":"2023-10-25T14:20:34","guid":{"rendered":"https:\/\/www.redigermemoire.com\/?page_id=4375"},"modified":"2024-05-20T15:19:31","modified_gmt":"2024-05-20T13:19:31","slug":"tfe","status":"publish","type":"page","link":"https:\/\/www.redigermemoire.com\/en\/tfe\/","title":{"rendered":"R\u00e9ussir son travail de fin d\u2019\u00e9tude TFE"},"content":{"rendered":"<div class=\"brz-root__container brz-reset-all\"><\/div>\n<p>    <!-- version:1716211171 --><\/p>","protected":false},"excerpt":{"rendered":"","protected":false},"author":1,"featured_media":0,"parent":0,"menu_order":0,"comment_status":"closed","ping_status":"closed","template":"brizy-blank-template.php","meta":{"_acf_changed":false,"inline_featured_image":false,"_glsr_average":0,"_glsr_ranking":0,"_glsr_reviews":0,"footnotes":""},"class_list":["post-4375","page","type-page","status-publish","hentry"],"acf":[],"yoast_head":"<!-- This site is optimized with the Yoast SEO plugin v26.8 - https:\/\/yoast.com\/product\/yoast-seo-wordpress\/ -->\n<title>R\u00e9ussir son travail de fin d\u2019\u00e9tude TFE - R\u00e9diger M\u00e9moire<\/title>\n<meta name=\"description\" content=\"Le travail de fin d&#039;\u00e9tude exige de la recherche et synth\u00e8se. Nous proposons notre aide aux \u00e9tudiants ayant besoin de TFE.\" \/>\n<meta name=\"robots\" content=\"index, follow, max-snippet:-1, max-image-preview:large, max-video-preview:-1\" \/>\n<link rel=\"canonical\" href=\"https:\/\/www.redigermemoire.com\/en\/tfe\/\" \/>\n<meta property=\"og:locale\" content=\"en_US\" \/>\n<meta property=\"og:type\" content=\"article\" \/>\n<meta property=\"og:title\" content=\"R\u00e9ussir son travail de fin d\u2019\u00e9tude TFE - R\u00e9diger M\u00e9moire\" \/>\n<meta property=\"og:description\" content=\"Le travail de fin d&#039;\u00e9tude exige de la recherche et synth\u00e8se. Nous proposons notre aide aux \u00e9tudiants ayant besoin de TFE.\" \/>\n<meta property=\"og:url\" content=\"https:\/\/www.redigermemoire.com\/en\/tfe\/\" \/>\n<meta property=\"og:site_name\" content=\"R\u00e9diger M\u00e9moire\" \/>\n<meta property=\"article:publisher\" content=\"https:\/\/www.facebook.com\/aideredactionmemoire\" \/>\n<meta property=\"article:modified_time\" content=\"2024-05-20T13:19:31+00:00\" \/>\n<meta name=\"twitter:card\" content=\"summary_large_image\" \/>\n<meta name=\"twitter:site\" content=\"@Redigermemoire\" \/>\n<meta name=\"twitter:label1\" content=\"Est. reading time\" \/>\n\t<meta name=\"twitter:data1\" content=\"3 minutes\" \/>\n<script type=\"application\/ld+json\" class=\"yoast-schema-graph\">{\"@context\":\"https:\/\/schema.org\",\"@graph\":[{\"@type\":\"WebPage\",\"@id\":\"https:\/\/www.redigermemoire.com\/tfe\/\",\"url\":\"https:\/\/www.redigermemoire.com\/tfe\/\",\"name\":\"R\u00e9ussir son travail de fin d\u2019\u00e9tude TFE - R\u00e9diger M\u00e9moire\",\"isPartOf\":{\"@id\":\"https:\/\/www.redigermemoire.com\/#website\"},\"datePublished\":\"2023-10-25T14:20:34+00:00\",\"dateModified\":\"2024-05-20T13:19:31+00:00\",\"description\":\"Le travail de fin d'\u00e9tude exige de la recherche et synth\u00e8se. Nous proposons notre aide aux \u00e9tudiants ayant besoin de TFE.\",\"breadcrumb\":{\"@id\":\"https:\/\/www.redigermemoire.com\/tfe\/#breadcrumb\"},\"inLanguage\":\"en-US\",\"potentialAction\":[{\"@type\":\"ReadAction\",\"target\":[\"https:\/\/www.redigermemoire.com\/tfe\/\"]}]},{\"@type\":\"BreadcrumbList\",\"@id\":\"https:\/\/www.redigermemoire.com\/tfe\/#breadcrumb\",\"itemListElement\":[{\"@type\":\"ListItem\",\"position\":1,\"name\":\"Accueil\",\"item\":\"https:\/\/www.redigermemoire.com\/\"},{\"@type\":\"ListItem\",\"position\":2,\"name\":\"R\u00e9ussir son travail de fin d\u2019\u00e9tude TFE\"}]},{\"@type\":\"WebSite\",\"@id\":\"https:\/\/www.redigermemoire.com\/#website\",\"url\":\"https:\/\/www.redigermemoire.com\/\",\"name\":\"R\u00e9diger M\u00e9moire\",\"description\":\"Pour la r\u00e9ussite des \u00e9tudiants\",\"publisher\":{\"@id\":\"https:\/\/www.redigermemoire.com\/#organization\"},\"potentialAction\":[{\"@type\":\"SearchAction\",\"target\":{\"@type\":\"EntryPoint\",\"urlTemplate\":\"https:\/\/www.redigermemoire.com\/?s={search_term_string}\"},\"query-input\":{\"@type\":\"PropertyValueSpecification\",\"valueRequired\":true,\"valueName\":\"search_term_string\"}}],\"inLanguage\":\"en-US\"},{\"@type\":\"Organization\",\"@id\":\"https:\/\/www.redigermemoire.com\/#organization\",\"name\":\"REDIGER MEMOIRE\",\"url\":\"https:\/\/www.redigermemoire.com\/\",\"logo\":{\"@type\":\"ImageObject\",\"inLanguage\":\"en-US\",\"@id\":\"https:\/\/www.redigermemoire.com\/#\/schema\/logo\/image\/\",\"url\":\"https:\/\/www.redigermemoire.com\/wp-content\/uploads\/2025\/07\/Votre-texte-de-paragraphe-250-x-100-px.svg\",\"contentUrl\":\"https:\/\/www.redigermemoire.com\/wp-content\/uploads\/2025\/07\/Votre-texte-de-paragraphe-250-x-100-px.svg\",\"width\":250,\"height\":100,\"caption\":\"REDIGER MEMOIRE\"},\"image\":{\"@id\":\"https:\/\/www.redigermemoire.com\/#\/schema\/logo\/image\/\"},\"sameAs\":[\"https:\/\/www.facebook.com\/aideredactionmemoire\",\"https:\/\/x.com\/Redigermemoire\"]}]}<\/script>\n<!-- \/ Yoast SEO plugin. -->","yoast_head_json":{"title":"R\u00e9ussir son travail de fin d\u2019\u00e9tude TFE - R\u00e9diger M\u00e9moire","description":"Le travail de fin d'\u00e9tude exige de la recherche et synth\u00e8se. Nous proposons notre aide aux \u00e9tudiants ayant besoin de TFE.","robots":{"index":"index","follow":"follow","max-snippet":"max-snippet:-1","max-image-preview":"max-image-preview:large","max-video-preview":"max-video-preview:-1"},"canonical":"https:\/\/www.redigermemoire.com\/en\/tfe\/","og_locale":"en_US","og_type":"article","og_title":"R\u00e9ussir son travail de fin d\u2019\u00e9tude TFE - R\u00e9diger M\u00e9moire","og_description":"Le travail de fin d'\u00e9tude exige de la recherche et synth\u00e8se. Nous proposons notre aide aux \u00e9tudiants ayant besoin de TFE.","og_url":"https:\/\/www.redigermemoire.com\/en\/tfe\/","og_site_name":"R\u00e9diger M\u00e9moire","article_publisher":"https:\/\/www.facebook.com\/aideredactionmemoire","article_modified_time":"2024-05-20T13:19:31+00:00","twitter_card":"summary_large_image","twitter_site":"@Redigermemoire","twitter_misc":{"Est. reading time":"3 minutes"},"schema":{"@context":"https:\/\/schema.org","@graph":[{"@type":"WebPage","@id":"https:\/\/www.redigermemoire.com\/tfe\/","url":"https:\/\/www.redigermemoire.com\/tfe\/","name":"R\u00e9ussir son travail de fin d\u2019\u00e9tude TFE - R\u00e9diger M\u00e9moire","isPartOf":{"@id":"https:\/\/www.redigermemoire.com\/#website"},"datePublished":"2023-10-25T14:20:34+00:00","dateModified":"2024-05-20T13:19:31+00:00","description":"Le travail de fin d'\u00e9tude exige de la recherche et synth\u00e8se. Nous proposons notre aide aux \u00e9tudiants ayant besoin de TFE.","breadcrumb":{"@id":"https:\/\/www.redigermemoire.com\/tfe\/#breadcrumb"},"inLanguage":"en-US","potentialAction":[{"@type":"ReadAction","target":["https:\/\/www.redigermemoire.com\/tfe\/"]}]},{"@type":"BreadcrumbList","@id":"https:\/\/www.redigermemoire.com\/tfe\/#breadcrumb","itemListElement":[{"@type":"ListItem","position":1,"name":"Accueil","item":"https:\/\/www.redigermemoire.com\/"},{"@type":"ListItem","position":2,"name":"R\u00e9ussir son travail de fin d\u2019\u00e9tude TFE"}]},{"@type":"WebSite","@id":"https:\/\/www.redigermemoire.com\/#website","url":"https:\/\/www.redigermemoire.com\/","name":"R\u00e9diger M\u00e9moire","description":"Pour la r\u00e9ussite des \u00e9tudiants","publisher":{"@id":"https:\/\/www.redigermemoire.com\/#organization"},"potentialAction":[{"@type":"SearchAction","target":{"@type":"EntryPoint","urlTemplate":"https:\/\/www.redigermemoire.com\/?s={search_term_string}"},"query-input":{"@type":"PropertyValueSpecification","valueRequired":true,"valueName":"search_term_string"}}],"inLanguage":"en-US"},{"@type":"Organization","@id":"https:\/\/www.redigermemoire.com\/#organization","name":"REDIGER MEMOIRE","url":"https:\/\/www.redigermemoire.com\/","logo":{"@type":"ImageObject","inLanguage":"en-US","@id":"https:\/\/www.redigermemoire.com\/#\/schema\/logo\/image\/","url":"https:\/\/www.redigermemoire.com\/wp-content\/uploads\/2025\/07\/Votre-texte-de-paragraphe-250-x-100-px.svg","contentUrl":"https:\/\/www.redigermemoire.com\/wp-content\/uploads\/2025\/07\/Votre-texte-de-paragraphe-250-x-100-px.svg","width":250,"height":100,"caption":"REDIGER MEMOIRE"},"image":{"@id":"https:\/\/www.redigermemoire.com\/#\/schema\/logo\/image\/"},"sameAs":["https:\/\/www.facebook.com\/aideredactionmemoire","https:\/\/x.com\/Redigermemoire"]}]}},"jetpack_sharing_enabled":true,"_links":{"self":[{"href":"https:\/\/www.redigermemoire.com\/en\/wp-json\/wp\/v2\/pages\/4375","targetHints":{"allow":["GET"]}}],"collection":[{"href":"https:\/\/www.redigermemoire.com\/en\/wp-json\/wp\/v2\/pages"}],"about":[{"href":"https:\/\/www.redigermemoire.com\/en\/wp-json\/wp\/v2\/types\/page"}],"author":[{"embeddable":true,"href":"https:\/\/www.redigermemoire.com\/en\/wp-json\/wp\/v2\/users\/1"}],"replies":[{"embeddable":true,"href":"https:\/\/www.redigermemoire.com\/en\/wp-json\/wp\/v2\/comments?post=4375"}],"version-history":[{"count":0,"href":"https:\/\/www.redigermemoire.com\/en\/wp-json\/wp\/v2\/pages\/4375\/revisions"}],"wp:attachment":[{"href":"https:\/\/www.redigermemoire.com\/en\/wp-json\/wp\/v2\/media?parent=4375"}],"curies":[{"name":"wp","href":"https:\/\/api.w.org\/{rel}","templated":true}]}}