 

{"id":4816,"date":"2023-12-10T16:25:19","date_gmt":"2023-12-10T15:25:19","guid":{"rendered":"https:\/\/www.redigermemoire.com\/?page_id=4816"},"modified":"2024-02-05T07:18:52","modified_gmt":"2024-02-05T06:18:52","slug":"rediger","status":"publish","type":"page","link":"https:\/\/www.redigermemoire.com\/en\/rediger\/","title":{"rendered":"faire rediger un memoire"},"content":{"rendered":"<h1 class=\"wp-block-heading has-text-align-center\" style=\"font-size:40px\"><strong>Faire r\u00e9diger un m\u00e9moire<\/strong><\/h1>\n\n\n\n<p class=\"has-medium-font-size\"><strong>Faire r\u00e9diger un m\u00e9moire<\/strong> est d\u00e9sormais une alternative possible. Face \u00e0 la charge de travail pesante qui incombe aux \u00e9tudiants, solliciter l&rsquo;assistance d&rsquo;un r\u00e9dacteur expert, sp\u00e9cialis\u00e9 dans la compr\u00e9hension des exigences acad\u00e9miques, repr\u00e9sente une opportunit\u00e9 pour all\u00e9ger leur charge et d\u00e9l\u00e9guer certaines t\u00e2ches.<\/p>\n\n\n\n<h2 class=\"wp-block-heading\" style=\"font-size:28px\"><strong>Un accompagnement pour r\u00e9diger un m\u00e9moire<\/strong><\/h2>\n\n\n\n<p class=\"has-medium-font-size\">Il est essentiel de souligner que notre service d&rsquo;<strong>aide \u00e0 la r\u00e9daction de m\u00e9moire<\/strong>, fid\u00e8le \u00e0 son appellation, propose un accompagnement personnalis\u00e9 \u00e0 tous les \u00e9tudiants souhaitant atteindre les meilleurs r\u00e9sultats. Nous offrons une assistance compl\u00e8te ou partielle, selon le choix de l&rsquo;\u00e9tudiant. En effet, notre soutien peut englober l&rsquo;ensemble du <strong>devoir <\/strong>ou se concentrer sur des parties sp\u00e9cifiques, en fonction des besoins de chacun. Le r\u00f4le de notre<strong> expert en r\u00e9daction<\/strong> est d&rsquo;orienter l&rsquo;\u00e9tudiant dans sa recherche et de <strong>r\u00e9diger les sections<\/strong> qui peuvent s&rsquo;av\u00e9rer complexes. Bien que l&rsquo;accompagnement puisse parfois englober la r\u00e9daction int\u00e9grale du m\u00e9moire, il est crucial de noter que ce processus se d\u00e9roule en \u00e9troite collaboration avec l&rsquo;\u00e9tudiant, impliquant une mise en commun des id\u00e9es et des connaissances pour garantir un travail v\u00e9ritablement personnalis\u00e9.<\/p>\n\n\n\n<div class=\"wp-block-media-text is-stacked-on-mobile\"><figure class=\"wp-block-media-text__media\"><img decoding=\"async\" src=\"blob:https:\/\/www.redigermemoire.com\/12f8fdf5-1c12-49df-9e59-bafdbed196dd\"\/><\/figure><div class=\"wp-block-media-text__content\">\n<h2 class=\"wp-block-heading\"><strong>Qui peut r\u00e9diger mon m\u00e9moire ?\u00a0<\/strong><\/h2>\n<\/div><\/div>\n\n\n\n<div class=\"wp-block-uagb-separator uagb-block-6b42198a\"><div class=\"wp-block-uagb-separator__inner\" style=\"--my-background-image:\"><\/div><\/div>\n\n\n\n<p class=\"has-medium-font-size\">Plusieurs facteurs peuvent d\u00e9terminer qui peut <strong>r\u00e9diger un m\u00e9moire<\/strong>. L&rsquo;\u00e9l\u00e9ment cl\u00e9 r\u00e9side dans la n\u00e9cessit\u00e9 d&rsquo;inspirer confiance aux \u00e9tudiants, garantissant ainsi que le travail \u00e0 rendre ne soit en aucun cas n\u00e9glig\u00e9. La s\u00e9lection du <strong><a href=\"https:\/\/www.redigermemoire.com\/en\/equipe\/\" target=\"_blank\" rel=\"noreferrer noopener\">r\u00e9dacteur de m\u00e9moire<\/a><\/strong> rev\u00eat donc une importance capitale, visant \u00e0 confier la t\u00e2che \u00e0 des experts ma\u00eetrisant parfaitement les subtilit\u00e9s de la r\u00e9daction de travaux acad\u00e9miques et capables de r\u00e9pondre de mani\u00e8re pr\u00e9cise aux exigences explicites du jury.<\/p>\n\n\n\n<p class=\"has-medium-font-size\">C&rsquo;est pr\u00e9cis\u00e9ment pour cette raison que, au sein de notre \u00e9quipe, nous effectuons une s\u00e9lection minutieuse de nos <strong>r\u00e9dacteurs de m\u00e9moire<\/strong>. Cette s\u00e9lection se base non seulement sur le niveau de comp\u00e9tence, mais aussi sur la diversit\u00e9 des disciplines qu&rsquo;ils couvrent, ainsi que sur leur capacit\u00e9 \u00e0 r\u00e9pondre de mani\u00e8re exhaustive aux attentes sp\u00e9cifiques des \u00e9tablissements acad\u00e9miques.<\/p>\n\n\n\n<h2 class=\"wp-block-heading\" style=\"font-size:28px\"><strong>Notre aide \u00e0 la r\u00e9daction de m\u00e9moire comprend syst\u00e9matiquement :\u00a0<\/strong><\/h2>\n\n\n\n<ul class=\"wp-block-list\">\n<li class=\"has-medium-font-size\">La r\u00e9alisation d&rsquo;une recherche conforme aux normes acad\u00e9miques, incluant l&rsquo;utilisation d&rsquo;outils tels que <a href=\"https:\/\/scholar.google.com\/\" target=\"_blank\" rel=\"noreferrer noopener\"><strong>Google Scholar<\/strong><\/a>, est un pilier essentiel de notre approche r\u00e9dactionnelle.\u00a0<\/li>\n\n\n\n<li class=\"has-medium-font-size\">Nous mettons \u00e0 la disposition de l&rsquo;\u00e9tudiant des conseils personnalis\u00e9s visant \u00e0 optimiser la qualit\u00e9 de son document.&nbsp;<\/li>\n\n\n\n<li class=\"has-medium-font-size\">Nous accordons une attention particuli\u00e8re au respect scrupuleux de la structure attendue par l&rsquo;\u00e9tablissement, assurant ainsi la coh\u00e9rence et la pertinence du travail final.<\/li>\n<\/ul>\n\n\n\n<div class=\"wp-block-uagb-call-to-action uagb-block-bea5cbc9 wp-block-button\"><div class=\"uagb-cta__wrap\"><h2 class=\"uagb-cta__title\">Bien r\u00e9diger un m\u00e9moire &#8211; Tarif de r\u00e9daction de m\u00e9moire pas cher <\/h2><p class=\"uagb-cta__desc\">Profiter de notre accompagnement \u00e0 la r\u00e9daction de m\u00e9moire <\/p><\/div><div class=\"uagb-cta__buttons\"><a href=\"https:\/\/www.redigermemoire.com\/en\/contact\/\" class=\"uagb-cta__button-link-wrapper wp-block-button__link\" target=\"_blank\" rel=\"noopener noreferrer\">DEMANDER UN DEVIS<svg xmlns=\"https:\/\/www.w3.org\/2000\/svg\" viewbox=\"0 0 512 512\"><path d=\"M504.3 273.6l-112.1 104c-6.992 6.484-17.18 8.218-25.94 4.406c-8.758-3.812-14.42-12.45-14.42-21.1L351.9 288H32C14.33 288 .0002 273.7 .0002 255.1S14.33 224 32 224h319.9l0-72c0-9.547 5.66-18.19 14.42-22c8.754-3.809 18.95-2.075 25.94 4.41l112.1 104C514.6 247.9 514.6 264.1 504.3 273.6z\"><\/path><\/svg><\/a><\/div><\/div>","protected":false},"excerpt":{"rendered":"<p>Faire r\u00e9diger un m\u00e9moire Faire r\u00e9diger un m\u00e9moire est d\u00e9sormais une alternative possible. Face \u00e0 la charge de travail pesante qui incombe aux \u00e9tudiants, solliciter l&rsquo;assistance d&rsquo;un r\u00e9dacteur expert, sp\u00e9cialis\u00e9 dans la compr\u00e9hension des exigences acad\u00e9miques, repr\u00e9sente une opportunit\u00e9 pour all\u00e9ger leur charge et d\u00e9l\u00e9guer certaines t\u00e2ches. Un accompagnement pour r\u00e9diger un m\u00e9moire Il est [&hellip;]<\/p>","protected":false},"author":1,"featured_media":0,"parent":0,"menu_order":0,"comment_status":"closed","ping_status":"closed","template":"","meta":{"_acf_changed":false,"inline_featured_image":false,"_glsr_average":0,"_glsr_ranking":0,"_glsr_reviews":0,"footnotes":""},"class_list":["post-4816","page","type-page","status-publish","hentry"],"acf":[],"yoast_head":"<!-- This site is optimized with the Yoast SEO plugin v26.8 - https:\/\/yoast.com\/product\/yoast-seo-wordpress\/ -->\n<title>faire rediger un memoire - R\u00e9diger M\u00e9moire<\/title>\n<meta name=\"description\" content=\"Faire r\u00e9diger un m\u00e9moire permet d&#039;avoir plus de 15\/20. Tarif \u00e0 partir de 15euros\/page pour toutes disciplines\" \/>\n<meta name=\"robots\" content=\"index, follow, max-snippet:-1, max-image-preview:large, max-video-preview:-1\" \/>\n<link rel=\"canonical\" href=\"https:\/\/www.redigermemoire.com\/en\/rediger\/\" \/>\n<meta property=\"og:locale\" content=\"en_US\" \/>\n<meta property=\"og:type\" content=\"article\" \/>\n<meta property=\"og:title\" content=\"faire rediger un memoire - R\u00e9diger M\u00e9moire\" \/>\n<meta property=\"og:description\" content=\"Faire r\u00e9diger un m\u00e9moire permet d&#039;avoir plus de 15\/20. Tarif \u00e0 partir de 15euros\/page pour toutes disciplines\" \/>\n<meta property=\"og:url\" content=\"https:\/\/www.redigermemoire.com\/en\/rediger\/\" \/>\n<meta property=\"og:site_name\" content=\"R\u00e9diger M\u00e9moire\" \/>\n<meta property=\"article:publisher\" content=\"https:\/\/www.facebook.com\/aideredactionmemoire\" \/>\n<meta property=\"article:modified_time\" content=\"2024-02-05T06:18:52+00:00\" \/>\n<meta name=\"twitter:card\" content=\"summary_large_image\" \/>\n<meta name=\"twitter:site\" content=\"@Redigermemoire\" \/>\n<meta name=\"twitter:label1\" content=\"Est. reading time\" \/>\n\t<meta name=\"twitter:data1\" content=\"3 minutes\" \/>\n<script type=\"application\/ld+json\" class=\"yoast-schema-graph\">{\"@context\":\"https:\/\/schema.org\",\"@graph\":[{\"@type\":\"WebPage\",\"@id\":\"https:\/\/www.redigermemoire.com\/rediger\/\",\"url\":\"https:\/\/www.redigermemoire.com\/rediger\/\",\"name\":\"faire rediger un memoire - R\u00e9diger M\u00e9moire\",\"isPartOf\":{\"@id\":\"https:\/\/www.redigermemoire.com\/#website\"},\"datePublished\":\"2023-12-10T15:25:19+00:00\",\"dateModified\":\"2024-02-05T06:18:52+00:00\",\"description\":\"Faire r\u00e9diger un m\u00e9moire permet d'avoir plus de 15\/20. Tarif \u00e0 partir de 15euros\/page pour toutes disciplines\",\"breadcrumb\":{\"@id\":\"https:\/\/www.redigermemoire.com\/rediger\/#breadcrumb\"},\"inLanguage\":\"en-US\",\"potentialAction\":[{\"@type\":\"ReadAction\",\"target\":[\"https:\/\/www.redigermemoire.com\/rediger\/\"]}]},{\"@type\":\"BreadcrumbList\",\"@id\":\"https:\/\/www.redigermemoire.com\/rediger\/#breadcrumb\",\"itemListElement\":[{\"@type\":\"ListItem\",\"position\":1,\"name\":\"Accueil\",\"item\":\"https:\/\/www.redigermemoire.com\/\"},{\"@type\":\"ListItem\",\"position\":2,\"name\":\"faire rediger un memoire\"}]},{\"@type\":\"WebSite\",\"@id\":\"https:\/\/www.redigermemoire.com\/#website\",\"url\":\"https:\/\/www.redigermemoire.com\/\",\"name\":\"R\u00e9diger M\u00e9moire\",\"description\":\"Pour la r\u00e9ussite des \u00e9tudiants\",\"publisher\":{\"@id\":\"https:\/\/www.redigermemoire.com\/#organization\"},\"potentialAction\":[{\"@type\":\"SearchAction\",\"target\":{\"@type\":\"EntryPoint\",\"urlTemplate\":\"https:\/\/www.redigermemoire.com\/?s={search_term_string}\"},\"query-input\":{\"@type\":\"PropertyValueSpecification\",\"valueRequired\":true,\"valueName\":\"search_term_string\"}}],\"inLanguage\":\"en-US\"},{\"@type\":\"Organization\",\"@id\":\"https:\/\/www.redigermemoire.com\/#organization\",\"name\":\"REDIGER MEMOIRE\",\"url\":\"https:\/\/www.redigermemoire.com\/\",\"logo\":{\"@type\":\"ImageObject\",\"inLanguage\":\"en-US\",\"@id\":\"https:\/\/www.redigermemoire.com\/#\/schema\/logo\/image\/\",\"url\":\"https:\/\/www.redigermemoire.com\/wp-content\/uploads\/2025\/07\/Votre-texte-de-paragraphe-250-x-100-px.svg\",\"contentUrl\":\"https:\/\/www.redigermemoire.com\/wp-content\/uploads\/2025\/07\/Votre-texte-de-paragraphe-250-x-100-px.svg\",\"width\":250,\"height\":100,\"caption\":\"REDIGER MEMOIRE\"},\"image\":{\"@id\":\"https:\/\/www.redigermemoire.com\/#\/schema\/logo\/image\/\"},\"sameAs\":[\"https:\/\/www.facebook.com\/aideredactionmemoire\",\"https:\/\/x.com\/Redigermemoire\"]}]}<\/script>\n<!-- \/ Yoast SEO plugin. -->","yoast_head_json":{"title":"faire rediger un memoire - R\u00e9diger M\u00e9moire","description":"Faire r\u00e9diger un m\u00e9moire permet d'avoir plus de 15\/20. Tarif \u00e0 partir de 15euros\/page pour toutes disciplines","robots":{"index":"index","follow":"follow","max-snippet":"max-snippet:-1","max-image-preview":"max-image-preview:large","max-video-preview":"max-video-preview:-1"},"canonical":"https:\/\/www.redigermemoire.com\/en\/rediger\/","og_locale":"en_US","og_type":"article","og_title":"faire rediger un memoire - R\u00e9diger M\u00e9moire","og_description":"Faire r\u00e9diger un m\u00e9moire permet d'avoir plus de 15\/20. Tarif \u00e0 partir de 15euros\/page pour toutes disciplines","og_url":"https:\/\/www.redigermemoire.com\/en\/rediger\/","og_site_name":"R\u00e9diger M\u00e9moire","article_publisher":"https:\/\/www.facebook.com\/aideredactionmemoire","article_modified_time":"2024-02-05T06:18:52+00:00","twitter_card":"summary_large_image","twitter_site":"@Redigermemoire","twitter_misc":{"Est. reading time":"3 minutes"},"schema":{"@context":"https:\/\/schema.org","@graph":[{"@type":"WebPage","@id":"https:\/\/www.redigermemoire.com\/rediger\/","url":"https:\/\/www.redigermemoire.com\/rediger\/","name":"faire rediger un memoire - R\u00e9diger M\u00e9moire","isPartOf":{"@id":"https:\/\/www.redigermemoire.com\/#website"},"datePublished":"2023-12-10T15:25:19+00:00","dateModified":"2024-02-05T06:18:52+00:00","description":"Faire r\u00e9diger un m\u00e9moire permet d'avoir plus de 15\/20. Tarif \u00e0 partir de 15euros\/page pour toutes disciplines","breadcrumb":{"@id":"https:\/\/www.redigermemoire.com\/rediger\/#breadcrumb"},"inLanguage":"en-US","potentialAction":[{"@type":"ReadAction","target":["https:\/\/www.redigermemoire.com\/rediger\/"]}]},{"@type":"BreadcrumbList","@id":"https:\/\/www.redigermemoire.com\/rediger\/#breadcrumb","itemListElement":[{"@type":"ListItem","position":1,"name":"Accueil","item":"https:\/\/www.redigermemoire.com\/"},{"@type":"ListItem","position":2,"name":"faire rediger un memoire"}]},{"@type":"WebSite","@id":"https:\/\/www.redigermemoire.com\/#website","url":"https:\/\/www.redigermemoire.com\/","name":"R\u00e9diger M\u00e9moire","description":"Pour la r\u00e9ussite des \u00e9tudiants","publisher":{"@id":"https:\/\/www.redigermemoire.com\/#organization"},"potentialAction":[{"@type":"SearchAction","target":{"@type":"EntryPoint","urlTemplate":"https:\/\/www.redigermemoire.com\/?s={search_term_string}"},"query-input":{"@type":"PropertyValueSpecification","valueRequired":true,"valueName":"search_term_string"}}],"inLanguage":"en-US"},{"@type":"Organization","@id":"https:\/\/www.redigermemoire.com\/#organization","name":"REDIGER MEMOIRE","url":"https:\/\/www.redigermemoire.com\/","logo":{"@type":"ImageObject","inLanguage":"en-US","@id":"https:\/\/www.redigermemoire.com\/#\/schema\/logo\/image\/","url":"https:\/\/www.redigermemoire.com\/wp-content\/uploads\/2025\/07\/Votre-texte-de-paragraphe-250-x-100-px.svg","contentUrl":"https:\/\/www.redigermemoire.com\/wp-content\/uploads\/2025\/07\/Votre-texte-de-paragraphe-250-x-100-px.svg","width":250,"height":100,"caption":"REDIGER MEMOIRE"},"image":{"@id":"https:\/\/www.redigermemoire.com\/#\/schema\/logo\/image\/"},"sameAs":["https:\/\/www.facebook.com\/aideredactionmemoire","https:\/\/x.com\/Redigermemoire"]}]}},"jetpack_sharing_enabled":true,"_links":{"self":[{"href":"https:\/\/www.redigermemoire.com\/en\/wp-json\/wp\/v2\/pages\/4816","targetHints":{"allow":["GET"]}}],"collection":[{"href":"https:\/\/www.redigermemoire.com\/en\/wp-json\/wp\/v2\/pages"}],"about":[{"href":"https:\/\/www.redigermemoire.com\/en\/wp-json\/wp\/v2\/types\/page"}],"author":[{"embeddable":true,"href":"https:\/\/www.redigermemoire.com\/en\/wp-json\/wp\/v2\/users\/1"}],"replies":[{"embeddable":true,"href":"https:\/\/www.redigermemoire.com\/en\/wp-json\/wp\/v2\/comments?post=4816"}],"version-history":[{"count":0,"href":"https:\/\/www.redigermemoire.com\/en\/wp-json\/wp\/v2\/pages\/4816\/revisions"}],"wp:attachment":[{"href":"https:\/\/www.redigermemoire.com\/en\/wp-json\/wp\/v2\/media?parent=4816"}],"curies":[{"name":"wp","href":"https:\/\/api.w.org\/{rel}","templated":true}]}}