 

{"id":5079,"date":"2024-02-20T08:46:40","date_gmt":"2024-02-20T07:46:40","guid":{"rendered":"https:\/\/www.redigermemoire.com\/?page_id=5079"},"modified":"2025-02-02T09:38:55","modified_gmt":"2025-02-02T08:38:55","slug":"exemple-plan-memoire","status":"publish","type":"page","link":"https:\/\/www.redigermemoire.com\/en\/exemple-plan-memoire\/","title":{"rendered":"exemple plan m\u00e9moire"},"content":{"rendered":"<div class=\"wp-block-uagb-container uagb-block-e42c9001 alignfull uagb-is-root-container\"><div class=\"uagb-container-inner-blocks-wrap\">\n<div class=\"wp-block-uagb-advanced-heading uagb-block-01920921\"><h2 class=\"uagb-heading-text\">Aide pour r\u00e9diger un plan de m\u00e9moire<\/h2><\/div>\n<\/div><\/div>\n\n\n\n<div class=\"wp-block-uagb-container uagb-block-1a329e43 alignfull uagb-is-root-container\"><div class=\"uagb-container-inner-blocks-wrap\">\n<div class=\"wp-block-uagb-info-box uagb-block-0a390ff1 uagb-infobox__content-wrap  uagb-infobox-icon-above-title uagb-infobox-image-valign-top\"><div class=\"uagb-ifb-content\"><div class=\"uagb-ifb-title-wrap\"><h2 class=\"uagb-ifb-title\">Un plan  bien \u00e9labor\u00e9 constitue 50% de la r\u00e9ussite de votre travail. Faites confiance \u00e0 nos experts pour le concevoir !<\/h2><\/div><div class=\"uagb-ifb-separator\"><\/div><\/div><\/div>\n\n\n\n<div class=\"wp-block-uagb-container uagb-layout-grid uagb-block-8eae7adb alignfull uagb-is-root-container\"><div class=\"uagb-container-inner-blocks-wrap\">\n<div class=\"wp-block-uagb-info-box uagb-block-2d466bd2 uagb-infobox__content-wrap  uagb-infobox-icon-above-title uagb-infobox-image-valign-top\"><div class=\"uagb-ifb-content\"><div class=\"uagb-ifb-title-wrap\"><h4 class=\"uagb-ifb-title-prefix\">Un plan qui r\u00e9pond r\u00e9ellement \u00e0 votre probl\u00e9matique<\/h4><h6 class=\"uagb-ifb-title\">Le plan est le noyau de votre m\u00e9moire, et refl\u00e8te votre maitrise du sujet. Le B\u00e2cler revient \u00e0 l&rsquo;\u00e9chec du document. Choisissez l&rsquo;excellence en le confiant \u00e0 nos experts.<\/h6><\/div><\/div><\/div>\n\n\n\n<div class=\"wp-block-uagb-info-box uagb-block-c9edbd3e uagb-infobox__content-wrap  uagb-infobox-icon-above-title uagb-infobox-image-valign-top\"><div class=\"uagb-ifb-content\"><div class=\"uagb-ifb-title-wrap\"><h4 class=\"uagb-ifb-title-prefix\">Une structure adapt\u00e9e aux normes acad\u00e9miques <\/h4><p class=\"uagb-ifb-title\"><strong>Lorsqu&rsquo;il s&rsquo;agit de structurer un m\u00e9moire, il faut assez souvent opter pour un plan en deux ou trois parties, mais il est aussi crucial de r\u00e9pondre aux exigences de chaque institution. Cette d\u00e9cision influence la mani\u00e8re dont le contenu sera organis\u00e9 et pr\u00e9sent\u00e9. Elle a donc un impact significatif sur la clart\u00e9 et la coh\u00e9rence du travail. <\/strong><br><br><br><\/p><\/div><\/div><\/div>\n<\/div><\/div>\n<\/div><\/div>\n\n\n\n<div class=\"wp-block-uagb-container uagb-block-ad46bf91 alignfull uagb-is-root-container\">\n<div class=\"wp-block-uagb-buttons uagb-buttons__outer-wrap uagb-btn__default-btn uagb-btn-tablet__default-btn uagb-btn-mobile__default-btn uagb-block-1ea1dc6e\"><div class=\"uagb-buttons__wrap uagb-buttons-layout-wrap\"><\/div><\/div>\n\n\n\n<h2 class=\"wp-block-heading has-text-align-center\">Tarifs pour r\u00e9aliser le plan de m\u00e9moire (sur une base de 350 mots\/page)<\/h2>\n\n\n\n<p><\/p>\n\n\n\n<section class=\"wp-block-uagb-columns uagb-columns__wrap uagb-columns__background-color uagb-columns__stack-mobile uagb-columns__valign- uagb-columns__gap-10 align uagb-block-01327646 uagb-columns__columns-3 uagb-columns__max_width-theme\"><div class=\"uagb-columns__overlay\"><\/div><div class=\"uagb-columns__inner-wrap uagb-columns__columns-3\">\n<div class=\"wp-block-uagb-column uagb-column__wrap uagb-column__background-color uagb-block-33b16bc3\"><div class=\"uagb-column__overlay\"><\/div>\n<h3 class=\"wp-block-heading has-text-align-center has-medium-font-size\">Tarif plan de m\u00e9moire<\/h3>\n\n\n\n<p class=\"has-medium-font-size\">Vous souhaitez uniquement un plan de m\u00e9moire pour d\u00e9buter votre travail.<\/p>\n\n\n\n<p class=\"has-text-align-center has-vivid-purple-color has-text-color has-link-color wp-elements-4404ba4659655a0d1b5c3eae19187ab7\" style=\"font-size:25px\"><strong>35 euros<\/strong><\/p>\n\n\n\n<div class=\"wp-block-buttons is-layout-flex wp-block-buttons-is-layout-flex\">\n<div class=\"wp-block-button has-custom-width wp-block-button__width-100\"><a class=\"wp-block-button__link has-ast-global-color-6-color has-luminous-vivid-amber-background-color has-text-color has-background has-link-color wp-element-button\" href=\"https:\/\/www.redigermemoire.com\/en\/contact\/\" target=\"_blank\" rel=\"noreferrer noopener\">COMMANDER PLAN de memoire<\/a><\/div>\n<\/div>\n<\/div>\n\n\n\n<div class=\"wp-block-uagb-column uagb-column__wrap uagb-column__background-color uagb-block-c536dccc\"><div class=\"uagb-column__overlay\"><\/div>\n<h3 class=\"wp-block-heading has-text-align-center\" style=\"font-size:20px\">Tarif plan et probl\u00e9matique<\/h3>\n\n\n\n<p class=\"has-text-align-left has-medium-font-size\">Vous souhaitez une probl\u00e9matique ainsi que votre plan de m\u00e9moire <\/p>\n\n\n\n<p class=\"has-text-align-center has-vivid-purple-color has-text-color has-link-color wp-elements-e10cc3d92d1fe40400dbf02e98f50c0b\" style=\"font-size:25px\"><strong>45 euros<\/strong><\/p>\n\n\n\n<div class=\"wp-block-buttons is-layout-flex wp-block-buttons-is-layout-flex\">\n<div class=\"wp-block-button has-custom-width wp-block-button__width-100\"><a class=\"wp-block-button__link has-ast-global-color-6-color has-luminous-vivid-amber-background-color has-text-color has-background has-link-color wp-element-button\" href=\"https:\/\/www.redigermemoire.com\/en\/contact\/\" target=\"_blank\" rel=\"noreferrer noopener\">COMMANDER PLAN ET PROBLEMATIQUE<\/a><\/div>\n<\/div>\n<\/div>\n\n\n\n<div class=\"wp-block-uagb-column uagb-column__wrap uagb-column__background-color uagb-block-62c824da\"><div class=\"uagb-column__overlay\"><\/div>\n<h3 class=\"wp-block-heading has-text-align-center\" style=\"font-size:20px\">Tarif plan et introduction <\/h3>\n\n\n\n<p class=\"has-text-align-left has-medium-font-size\">En plus de votre plan de m\u00e9moire, vous souhaitez \u00e9galement une introduction. <\/p>\n\n\n\n<p class=\"has-text-align-center has-vivid-purple-color has-text-color has-link-color wp-elements-b565da73958c8f074bd08b4255d80e20\" style=\"font-size:25px\"><strong>50 euros<\/strong><\/p>\n\n\n\n<div class=\"wp-block-buttons is-layout-flex wp-block-buttons-is-layout-flex\">\n<div class=\"wp-block-button has-custom-width wp-block-button__width-100\"><a class=\"wp-block-button__link has-ast-global-color-6-color has-luminous-vivid-amber-background-color has-text-color has-background has-link-color wp-element-button\" href=\"https:\/\/www.redigermemoire.com\/en\/contact\/\" target=\"_blank\" rel=\"noreferrer noopener\">COMMANDER PLAN ET INTRODUCTION<\/a><\/div>\n<\/div>\n<\/div>\n<\/div><\/section>\n\n\n\n<div class=\"wp-block-uagb-image uagb-block-81755046 wp-block-uagb-image--layout-default wp-block-uagb-image--effect-static wp-block-uagb-image--align-none\"><figure class=\"wp-block-uagb-image__figure\"><img decoding=\"async\" data-srcset=\"https:\/\/www.redigermemoire.com\/wp-content\/uploads\/2024\/08\/estate-about-img-01.jpg\" data-sizes=\"auto, (max-width: 480px) 150px\" data-src=\"https:\/\/www.redigermemoire.com\/wp-content\/uploads\/2024\/08\/estate-about-img-01.jpg\" alt=\"\" class=\"uag-image-138 lazyload\" width=\"1920\" height=\"900\" title=\"\" role=\"img\" src=\"data:image\/svg+xml;base64,PHN2ZyB3aWR0aD0iMSIgaGVpZ2h0PSIxIiB4bWxucz0iaHR0cDovL3d3dy53My5vcmcvMjAwMC9zdmciPjwvc3ZnPg==\" style=\"--smush-placeholder-width: 1920px; --smush-placeholder-aspect-ratio: 1920\/900;\" \/><\/figure><\/div>\n<\/div>\n\n\n\n<div class=\"wp-block-uagb-container uagb-layout-grid uagb-block-992bf894 alignfull uagb-is-root-container\"><div class=\"uagb-container-inner-blocks-wrap\">\n<div class=\"wp-block-uagb-info-box uagb-block-1eaa23be uagb-infobox__content-wrap  uagb-infobox-icon-above-title uagb-infobox-image-valign-top\"><div class=\"uagb-ifb-content\"><div class=\"uagb-ifb-title-wrap\"><h4 class=\"uagb-ifb-title\">Les types de plan de m\u00e9moire<\/h4><\/div><p class=\"uagb-ifb-desc\">Le choix de se baser sur un plan de m\u00e9moire en deux ou trois parties d\u00e9pend principalement de la complexit\u00e9 du sujet trait\u00e9 et de la profondeur de l&rsquo;analyse souhait\u00e9e.Dans certains cas, un <strong><a href=\"https:\/\/www.redigermemoire.com\/en\/plan\/\">plan en deux parties pour un plan de m\u00e9moire<\/a> <\/strong>suffit \u00e0 couvrir les aspects principaux du sujet de mani\u00e8re succincte et efficace. Cela peut \u00eatre appropri\u00e9 pour des sujets relativement simples ou des m\u00e9moires de longueur limit\u00e9e. Cependant, pour des sujets plus complexes ou des travaux de recherche plus approfondis, un plan en trois parties offre une structure plus d\u00e9taill\u00e9e et permet une analyse plus approfondie.<br>Les trois parties comprennent une introduction, un d\u00e9veloppement divis\u00e9 en sous-parties ou chapitres pour explorer diff\u00e9rents aspects du sujet, et enfin une conclusion pour r\u00e9sumer les r\u00e9sultats et les implications de la recherche. <\/p><\/div><\/div>\n\n\n\n<div class=\"wp-block-uagb-info-box uagb-block-9483324c uagb-infobox__content-wrap  uagb-infobox-icon-above-title uagb-infobox-image-valign-top\"><div class=\"uagb-ifb-content\"><div class=\"uagb-ifb-title-wrap\"><h4 class=\"uagb-ifb-title\">Exemple de plan de m\u00e9moire<\/h4><\/div><p class=\"uagb-ifb-desc\">Introduction<br><br>       Contexte et justification de la recherche<br>       Objectifs de la recherche et questions de recherche<br>D\u00e9veloppement<br><br>       Revue de la litt\u00e9rature<br>       M\u00e9thodologie de recherche<br>Conclusion<br><br>R\u00e9sum\u00e9 des principales conclusions<br>       Contributions et implications de la recherche<br>        Limites de l&rsquo;\u00e9tude et recommandations pour de    futures recherches<br><br><\/p><\/div><\/div>\n<\/div><\/div>\n\n\n\n<div class=\"wp-block-uagb-buttons uagb-buttons__outer-wrap uagb-btn__default-btn uagb-btn-tablet__default-btn uagb-btn-mobile__default-btn uagb-block-db19f1d2\"><div class=\"uagb-buttons__wrap uagb-buttons-layout-wrap\">\n<div class=\"wp-block-uagb-buttons-child uagb-buttons__outer-wrap uagb-block-3741ccc9 wp-block-button\"><div class=\"uagb-button__wrapper\"><a class=\"uagb-buttons-repeater wp-block-button__link\" aria-label=\"\" href=\"https:\/\/www.redigermemoire.com\/en\/redaction\/\" rel=\"follow noopener\" target=\"_self\" role=\"button\"><div class=\"uagb-button__link\">CONSULTER nos autres PRESTATIONS<\/div><\/a><\/div><\/div>\n<\/div><\/div>\n\n\n\n<p><\/p>","protected":false},"excerpt":{"rendered":"","protected":false},"author":1,"featured_media":0,"parent":0,"menu_order":0,"comment_status":"closed","ping_status":"closed","template":"","meta":{"_acf_changed":false,"inline_featured_image":false,"_glsr_average":0,"_glsr_ranking":0,"_glsr_reviews":0,"footnotes":""},"class_list":["post-5079","page","type-page","status-publish","hentry"],"acf":[],"yoast_head":"<!-- This site is optimized with the Yoast SEO plugin v26.8 - https:\/\/yoast.com\/product\/yoast-seo-wordpress\/ -->\n<title>exemple plan m\u00e9moire - R\u00e9diger M\u00e9moire<\/title>\n<meta name=\"description\" content=\"Notre aide pour r\u00e9diger un exemple de votre plan de m\u00e9moire avec les bonnes techniques et structure, assure le succ\u00e8s de votre document\" \/>\n<meta name=\"robots\" content=\"index, follow, max-snippet:-1, max-image-preview:large, max-video-preview:-1\" \/>\n<link rel=\"canonical\" href=\"https:\/\/www.redigermemoire.com\/en\/exemple-plan-memoire\/\" \/>\n<meta property=\"og:locale\" content=\"en_US\" \/>\n<meta property=\"og:type\" content=\"article\" \/>\n<meta property=\"og:title\" content=\"exemple plan m\u00e9moire - R\u00e9diger M\u00e9moire\" \/>\n<meta property=\"og:description\" content=\"Notre aide pour r\u00e9diger un exemple de votre plan de m\u00e9moire avec les bonnes techniques et structure, assure le succ\u00e8s de votre document\" \/>\n<meta property=\"og:url\" content=\"https:\/\/www.redigermemoire.com\/en\/exemple-plan-memoire\/\" \/>\n<meta property=\"og:site_name\" content=\"R\u00e9diger M\u00e9moire\" \/>\n<meta property=\"article:publisher\" content=\"https:\/\/www.facebook.com\/aideredactionmemoire\" \/>\n<meta property=\"article:modified_time\" content=\"2025-02-02T08:38:55+00:00\" \/>\n<meta property=\"og:image\" content=\"https:\/\/www.redigermemoire.com\/wp-content\/uploads\/2024\/08\/estate-about-img-01.jpg\" \/>\n<meta name=\"twitter:card\" content=\"summary_large_image\" \/>\n<meta name=\"twitter:site\" content=\"@Redigermemoire\" \/>\n<meta name=\"twitter:label1\" content=\"Est. reading time\" \/>\n\t<meta name=\"twitter:data1\" content=\"3 minutes\" \/>\n<script type=\"application\/ld+json\" class=\"yoast-schema-graph\">{\"@context\":\"https:\/\/schema.org\",\"@graph\":[{\"@type\":\"WebPage\",\"@id\":\"https:\/\/www.redigermemoire.com\/exemple-plan-memoire\/\",\"url\":\"https:\/\/www.redigermemoire.com\/exemple-plan-memoire\/\",\"name\":\"exemple plan m\u00e9moire - R\u00e9diger M\u00e9moire\",\"isPartOf\":{\"@id\":\"https:\/\/www.redigermemoire.com\/#website\"},\"primaryImageOfPage\":{\"@id\":\"https:\/\/www.redigermemoire.com\/exemple-plan-memoire\/#primaryimage\"},\"image\":{\"@id\":\"https:\/\/www.redigermemoire.com\/exemple-plan-memoire\/#primaryimage\"},\"thumbnailUrl\":\"https:\/\/www.redigermemoire.com\/wp-content\/uploads\/2024\/08\/estate-about-img-01.jpg\",\"datePublished\":\"2024-02-20T07:46:40+00:00\",\"dateModified\":\"2025-02-02T08:38:55+00:00\",\"description\":\"Notre aide pour r\u00e9diger un exemple de votre plan de m\u00e9moire avec les bonnes techniques et structure, assure le succ\u00e8s de votre document\",\"breadcrumb\":{\"@id\":\"https:\/\/www.redigermemoire.com\/exemple-plan-memoire\/#breadcrumb\"},\"inLanguage\":\"en-US\",\"potentialAction\":[{\"@type\":\"ReadAction\",\"target\":[\"https:\/\/www.redigermemoire.com\/exemple-plan-memoire\/\"]}]},{\"@type\":\"ImageObject\",\"inLanguage\":\"en-US\",\"@id\":\"https:\/\/www.redigermemoire.com\/exemple-plan-memoire\/#primaryimage\",\"url\":\"https:\/\/www.redigermemoire.com\/wp-content\/uploads\/2024\/08\/estate-about-img-01.jpg\",\"contentUrl\":\"https:\/\/www.redigermemoire.com\/wp-content\/uploads\/2024\/08\/estate-about-img-01.jpg\"},{\"@type\":\"BreadcrumbList\",\"@id\":\"https:\/\/www.redigermemoire.com\/exemple-plan-memoire\/#breadcrumb\",\"itemListElement\":[{\"@type\":\"ListItem\",\"position\":1,\"name\":\"Accueil\",\"item\":\"https:\/\/www.redigermemoire.com\/\"},{\"@type\":\"ListItem\",\"position\":2,\"name\":\"exemple plan m\u00e9moire\"}]},{\"@type\":\"WebSite\",\"@id\":\"https:\/\/www.redigermemoire.com\/#website\",\"url\":\"https:\/\/www.redigermemoire.com\/\",\"name\":\"R\u00e9diger M\u00e9moire\",\"description\":\"Pour la r\u00e9ussite des \u00e9tudiants\",\"publisher\":{\"@id\":\"https:\/\/www.redigermemoire.com\/#organization\"},\"potentialAction\":[{\"@type\":\"SearchAction\",\"target\":{\"@type\":\"EntryPoint\",\"urlTemplate\":\"https:\/\/www.redigermemoire.com\/?s={search_term_string}\"},\"query-input\":{\"@type\":\"PropertyValueSpecification\",\"valueRequired\":true,\"valueName\":\"search_term_string\"}}],\"inLanguage\":\"en-US\"},{\"@type\":\"Organization\",\"@id\":\"https:\/\/www.redigermemoire.com\/#organization\",\"name\":\"REDIGER MEMOIRE\",\"url\":\"https:\/\/www.redigermemoire.com\/\",\"logo\":{\"@type\":\"ImageObject\",\"inLanguage\":\"en-US\",\"@id\":\"https:\/\/www.redigermemoire.com\/#\/schema\/logo\/image\/\",\"url\":\"https:\/\/www.redigermemoire.com\/wp-content\/uploads\/2025\/07\/Votre-texte-de-paragraphe-250-x-100-px.svg\",\"contentUrl\":\"https:\/\/www.redigermemoire.com\/wp-content\/uploads\/2025\/07\/Votre-texte-de-paragraphe-250-x-100-px.svg\",\"width\":250,\"height\":100,\"caption\":\"REDIGER MEMOIRE\"},\"image\":{\"@id\":\"https:\/\/www.redigermemoire.com\/#\/schema\/logo\/image\/\"},\"sameAs\":[\"https:\/\/www.facebook.com\/aideredactionmemoire\",\"https:\/\/x.com\/Redigermemoire\"]}]}<\/script>\n<!-- \/ Yoast SEO plugin. -->","yoast_head_json":{"title":"exemple plan m\u00e9moire - R\u00e9diger M\u00e9moire","description":"Notre aide pour r\u00e9diger un exemple de votre plan de m\u00e9moire avec les bonnes techniques et structure, assure le succ\u00e8s de votre document","robots":{"index":"index","follow":"follow","max-snippet":"max-snippet:-1","max-image-preview":"max-image-preview:large","max-video-preview":"max-video-preview:-1"},"canonical":"https:\/\/www.redigermemoire.com\/en\/exemple-plan-memoire\/","og_locale":"en_US","og_type":"article","og_title":"exemple plan m\u00e9moire - R\u00e9diger M\u00e9moire","og_description":"Notre aide pour r\u00e9diger un exemple de votre plan de m\u00e9moire avec les bonnes techniques et structure, assure le succ\u00e8s de votre document","og_url":"https:\/\/www.redigermemoire.com\/en\/exemple-plan-memoire\/","og_site_name":"R\u00e9diger M\u00e9moire","article_publisher":"https:\/\/www.facebook.com\/aideredactionmemoire","article_modified_time":"2025-02-02T08:38:55+00:00","og_image":[{"url":"https:\/\/www.redigermemoire.com\/wp-content\/uploads\/2024\/08\/estate-about-img-01.jpg","type":"","width":"","height":""}],"twitter_card":"summary_large_image","twitter_site":"@Redigermemoire","twitter_misc":{"Est. reading time":"3 minutes"},"schema":{"@context":"https:\/\/schema.org","@graph":[{"@type":"WebPage","@id":"https:\/\/www.redigermemoire.com\/exemple-plan-memoire\/","url":"https:\/\/www.redigermemoire.com\/exemple-plan-memoire\/","name":"exemple plan m\u00e9moire - R\u00e9diger M\u00e9moire","isPartOf":{"@id":"https:\/\/www.redigermemoire.com\/#website"},"primaryImageOfPage":{"@id":"https:\/\/www.redigermemoire.com\/exemple-plan-memoire\/#primaryimage"},"image":{"@id":"https:\/\/www.redigermemoire.com\/exemple-plan-memoire\/#primaryimage"},"thumbnailUrl":"https:\/\/www.redigermemoire.com\/wp-content\/uploads\/2024\/08\/estate-about-img-01.jpg","datePublished":"2024-02-20T07:46:40+00:00","dateModified":"2025-02-02T08:38:55+00:00","description":"Notre aide pour r\u00e9diger un exemple de votre plan de m\u00e9moire avec les bonnes techniques et structure, assure le succ\u00e8s de votre document","breadcrumb":{"@id":"https:\/\/www.redigermemoire.com\/exemple-plan-memoire\/#breadcrumb"},"inLanguage":"en-US","potentialAction":[{"@type":"ReadAction","target":["https:\/\/www.redigermemoire.com\/exemple-plan-memoire\/"]}]},{"@type":"ImageObject","inLanguage":"en-US","@id":"https:\/\/www.redigermemoire.com\/exemple-plan-memoire\/#primaryimage","url":"https:\/\/www.redigermemoire.com\/wp-content\/uploads\/2024\/08\/estate-about-img-01.jpg","contentUrl":"https:\/\/www.redigermemoire.com\/wp-content\/uploads\/2024\/08\/estate-about-img-01.jpg"},{"@type":"BreadcrumbList","@id":"https:\/\/www.redigermemoire.com\/exemple-plan-memoire\/#breadcrumb","itemListElement":[{"@type":"ListItem","position":1,"name":"Accueil","item":"https:\/\/www.redigermemoire.com\/"},{"@type":"ListItem","position":2,"name":"exemple plan m\u00e9moire"}]},{"@type":"WebSite","@id":"https:\/\/www.redigermemoire.com\/#website","url":"https:\/\/www.redigermemoire.com\/","name":"R\u00e9diger M\u00e9moire","description":"Pour la r\u00e9ussite des \u00e9tudiants","publisher":{"@id":"https:\/\/www.redigermemoire.com\/#organization"},"potentialAction":[{"@type":"SearchAction","target":{"@type":"EntryPoint","urlTemplate":"https:\/\/www.redigermemoire.com\/?s={search_term_string}"},"query-input":{"@type":"PropertyValueSpecification","valueRequired":true,"valueName":"search_term_string"}}],"inLanguage":"en-US"},{"@type":"Organization","@id":"https:\/\/www.redigermemoire.com\/#organization","name":"REDIGER MEMOIRE","url":"https:\/\/www.redigermemoire.com\/","logo":{"@type":"ImageObject","inLanguage":"en-US","@id":"https:\/\/www.redigermemoire.com\/#\/schema\/logo\/image\/","url":"https:\/\/www.redigermemoire.com\/wp-content\/uploads\/2025\/07\/Votre-texte-de-paragraphe-250-x-100-px.svg","contentUrl":"https:\/\/www.redigermemoire.com\/wp-content\/uploads\/2025\/07\/Votre-texte-de-paragraphe-250-x-100-px.svg","width":250,"height":100,"caption":"REDIGER MEMOIRE"},"image":{"@id":"https:\/\/www.redigermemoire.com\/#\/schema\/logo\/image\/"},"sameAs":["https:\/\/www.facebook.com\/aideredactionmemoire","https:\/\/x.com\/Redigermemoire"]}]}},"jetpack_sharing_enabled":true,"_links":{"self":[{"href":"https:\/\/www.redigermemoire.com\/en\/wp-json\/wp\/v2\/pages\/5079","targetHints":{"allow":["GET"]}}],"collection":[{"href":"https:\/\/www.redigermemoire.com\/en\/wp-json\/wp\/v2\/pages"}],"about":[{"href":"https:\/\/www.redigermemoire.com\/en\/wp-json\/wp\/v2\/types\/page"}],"author":[{"embeddable":true,"href":"https:\/\/www.redigermemoire.com\/en\/wp-json\/wp\/v2\/users\/1"}],"replies":[{"embeddable":true,"href":"https:\/\/www.redigermemoire.com\/en\/wp-json\/wp\/v2\/comments?post=5079"}],"version-history":[{"count":0,"href":"https:\/\/www.redigermemoire.com\/en\/wp-json\/wp\/v2\/pages\/5079\/revisions"}],"wp:attachment":[{"href":"https:\/\/www.redigermemoire.com\/en\/wp-json\/wp\/v2\/media?parent=5079"}],"curies":[{"name":"wp","href":"https:\/\/api.w.org\/{rel}","templated":true}]}}