 

{"id":5638,"date":"2024-06-12T16:44:54","date_gmt":"2024-06-12T14:44:54","guid":{"rendered":"https:\/\/www.redigermemoire.com\/?page_id=5638"},"modified":"2024-06-12T16:44:59","modified_gmt":"2024-06-12T14:44:59","slug":"connaitre-les-normes-apa","status":"publish","type":"page","link":"https:\/\/www.redigermemoire.com\/en\/connaitre-les-normes-apa\/","title":{"rendered":"Connaitre les normes APA"},"content":{"rendered":"<p>Nombreux sont les \u00e9tudiants qui se demandent comment <strong>respecter les normes APA<\/strong>&nbsp;? Ce terme n\u2019est pas utilis\u00e9 dans le langage de tous les jours. C\u2019est pourtant un terme bien connu des professeurs d\u2019universit\u00e9, des professionnels ainsi que des \u00e9tudiants. En effet, les normes APA permettent de citer des sources. Les r\u00e9dacteurs de stage, de m\u00e9moire et rapports sont ceux qui doivent s\u2019informer attentivement \u00e0 ce sujet.<\/p>\n\n\n\n<p class=\"has-text-align-center\"><strong>Les normes APA&nbsp;: c&rsquo;est quoi&nbsp;?<\/strong><\/p>\n\n\n\n<p class=\"bord has-ast-global-color-4-background-color has-background\" style=\"padding-top:var(--wp--preset--spacing--30);padding-right:var(--wp--preset--spacing--30);padding-bottom:var(--wp--preset--spacing--30);padding-left:var(--wp--preset--spacing--30)\">En ce qui concerne la <strong>norme APA<\/strong>, il est question de style de citation de sources. C\u2019est l\u2019un des genres les plus courants dans ce domaine. Les chercheurs, les professeurs ainsi que les \u00e9tudiants sont ceux qui en font le plus usage. Ceux qui veulent en savoir plus sur le sujet peuvent notamment lire les m\u00e9moires d\u00e9j\u00e0 valid\u00e9s par un jury disponible en ligne. Il existe des exemples d\u2019<strong>introduction tfe<\/strong>, d\u2019<strong>exemple de probl\u00e9matique<\/strong>, bref de tout ce qui est n\u00e9cessaire sur le Net.<\/p>\n\n\n\n<p class=\"has-text-align-center\"><strong>Comment Respecter les normes APA<\/strong> ?<\/p>\n\n\n\n<p class=\"bord has-ast-global-color-4-background-color has-background\" style=\"padding-top:var(--wp--preset--spacing--30);padding-right:var(--wp--preset--spacing--30);padding-bottom:var(--wp--preset--spacing--30);padding-left:var(--wp--preset--spacing--30)\">En ce qui concerne les r\u00e8gles pour les normes APA, il est question de deux r\u00e8gles principales. C\u2019est avant tout citer la source dans le texte ou alors citer la source dans la bibliographie. Concernant le premier, cela fait r\u00e9f\u00e9rence \u00e0 une citation br\u00e8ve dans une phrase. La citation de source est tout aussi courte et ne va contenir que le nom de l\u2019auteur, ainsi que l\u2019ann\u00e9e de publication. Concernant le fait de citer la source dans la bibliographie, c\u2019est une phase plus complexe. Car il est cit\u00e9 les d\u00e9tails complets de la source dans la conclusion. En tant que r\u00e9f\u00e9rence bibliographique, la totalit\u00e9 des informations doit \u00eatre \u00e9crite pour pouvoir facilement identifier le document.<\/p>\n\n\n\n<p class=\"has-text-align-center\"><strong>Les autres normes de bibliographie<\/strong><\/p>\n\n\n\n<p class=\"bord has-ast-global-color-4-background-color has-background\" style=\"padding-top:var(--wp--preset--spacing--30);padding-right:var(--wp--preset--spacing--30);padding-bottom:var(--wp--preset--spacing--30);padding-left:var(--wp--preset--spacing--30)\">La r\u00e8gle sur le sujet est qu\u2019il existe deux normes internationales pour le r\u00e9f\u00e9rencement bibliographique. Ce sont la norme ISO 690 et la norme IBSD. Outre ces deux-l\u00e0, il existe les protocoles MLA en plus des protocoles APA. Le premier est surtout pour les professeurs de langues et de litt\u00e9ratures, l\u2019\u00e9tat de l\u2019art. Le protocole APA lui est surtout pour le domaine des sciences naturelles et sociales.<\/p>\n\n\n\n<div class=\"wp-block-group is-layout-constrained wp-block-group-is-layout-constrained\">\n<div class=\"wp-block-columns is-layout-flex wp-container-core-columns-is-layout-28f84493 wp-block-columns-is-layout-flex\">\n<div class=\"wp-block-column is-layout-flow wp-block-column-is-layout-flow\"><\/div>\n<\/div>\n<\/div>","protected":false},"excerpt":{"rendered":"<p>Nombreux sont les \u00e9tudiants qui se demandent comment respecter les normes APA&nbsp;? Ce terme n\u2019est pas utilis\u00e9 dans le langage de tous les jours. C\u2019est pourtant un terme bien connu des professeurs d\u2019universit\u00e9, des professionnels ainsi que des \u00e9tudiants. En effet, les normes APA permettent de citer des sources. Les r\u00e9dacteurs de stage, de m\u00e9moire [&hellip;]<\/p>","protected":false},"author":1,"featured_media":0,"parent":0,"menu_order":0,"comment_status":"closed","ping_status":"closed","template":"","meta":{"_acf_changed":false,"inline_featured_image":false,"_glsr_average":0,"_glsr_ranking":0,"_glsr_reviews":0,"footnotes":""},"class_list":["post-5638","page","type-page","status-publish","hentry"],"acf":[],"yoast_head":"<!-- This site is optimized with the Yoast SEO plugin v26.8 - https:\/\/yoast.com\/product\/yoast-seo-wordpress\/ -->\n<title>Connaitre les normes APA - R\u00e9diger M\u00e9moire<\/title>\n<meta name=\"robots\" content=\"index, follow, max-snippet:-1, max-image-preview:large, max-video-preview:-1\" \/>\n<link rel=\"canonical\" href=\"https:\/\/www.redigermemoire.com\/en\/connaitre-les-normes-apa\/\" \/>\n<meta property=\"og:locale\" content=\"en_US\" \/>\n<meta property=\"og:type\" content=\"article\" \/>\n<meta property=\"og:title\" content=\"Connaitre les normes APA - R\u00e9diger M\u00e9moire\" \/>\n<meta property=\"og:description\" content=\"Nombreux sont les \u00e9tudiants qui se demandent comment respecter les normes APA&nbsp;? Ce terme n\u2019est pas utilis\u00e9 dans le langage de tous les jours. C\u2019est pourtant un terme bien connu des professeurs d\u2019universit\u00e9, des professionnels ainsi que des \u00e9tudiants. En effet, les normes APA permettent de citer des sources. Les r\u00e9dacteurs de stage, de m\u00e9moire [&hellip;]\" \/>\n<meta property=\"og:url\" content=\"https:\/\/www.redigermemoire.com\/en\/connaitre-les-normes-apa\/\" \/>\n<meta property=\"og:site_name\" content=\"R\u00e9diger M\u00e9moire\" \/>\n<meta property=\"article:publisher\" content=\"https:\/\/www.facebook.com\/aideredactionmemoire\" \/>\n<meta property=\"article:modified_time\" content=\"2024-06-12T14:44:59+00:00\" \/>\n<meta name=\"twitter:card\" content=\"summary_large_image\" \/>\n<meta name=\"twitter:site\" content=\"@Redigermemoire\" \/>\n<meta name=\"twitter:label1\" content=\"Est. reading time\" \/>\n\t<meta name=\"twitter:data1\" content=\"2 minutes\" \/>\n<script type=\"application\/ld+json\" class=\"yoast-schema-graph\">{\"@context\":\"https:\/\/schema.org\",\"@graph\":[{\"@type\":\"WebPage\",\"@id\":\"https:\/\/www.redigermemoire.com\/connaitre-les-normes-apa\/\",\"url\":\"https:\/\/www.redigermemoire.com\/connaitre-les-normes-apa\/\",\"name\":\"Connaitre les normes APA - R\u00e9diger M\u00e9moire\",\"isPartOf\":{\"@id\":\"https:\/\/www.redigermemoire.com\/#website\"},\"datePublished\":\"2024-06-12T14:44:54+00:00\",\"dateModified\":\"2024-06-12T14:44:59+00:00\",\"breadcrumb\":{\"@id\":\"https:\/\/www.redigermemoire.com\/connaitre-les-normes-apa\/#breadcrumb\"},\"inLanguage\":\"en-US\",\"potentialAction\":[{\"@type\":\"ReadAction\",\"target\":[\"https:\/\/www.redigermemoire.com\/connaitre-les-normes-apa\/\"]}]},{\"@type\":\"BreadcrumbList\",\"@id\":\"https:\/\/www.redigermemoire.com\/connaitre-les-normes-apa\/#breadcrumb\",\"itemListElement\":[{\"@type\":\"ListItem\",\"position\":1,\"name\":\"Accueil\",\"item\":\"https:\/\/www.redigermemoire.com\/\"},{\"@type\":\"ListItem\",\"position\":2,\"name\":\"Connaitre les normes APA\"}]},{\"@type\":\"WebSite\",\"@id\":\"https:\/\/www.redigermemoire.com\/#website\",\"url\":\"https:\/\/www.redigermemoire.com\/\",\"name\":\"R\u00e9diger M\u00e9moire\",\"description\":\"Pour la r\u00e9ussite des \u00e9tudiants\",\"publisher\":{\"@id\":\"https:\/\/www.redigermemoire.com\/#organization\"},\"potentialAction\":[{\"@type\":\"SearchAction\",\"target\":{\"@type\":\"EntryPoint\",\"urlTemplate\":\"https:\/\/www.redigermemoire.com\/?s={search_term_string}\"},\"query-input\":{\"@type\":\"PropertyValueSpecification\",\"valueRequired\":true,\"valueName\":\"search_term_string\"}}],\"inLanguage\":\"en-US\"},{\"@type\":\"Organization\",\"@id\":\"https:\/\/www.redigermemoire.com\/#organization\",\"name\":\"REDIGER MEMOIRE\",\"url\":\"https:\/\/www.redigermemoire.com\/\",\"logo\":{\"@type\":\"ImageObject\",\"inLanguage\":\"en-US\",\"@id\":\"https:\/\/www.redigermemoire.com\/#\/schema\/logo\/image\/\",\"url\":\"https:\/\/www.redigermemoire.com\/wp-content\/uploads\/2025\/07\/Votre-texte-de-paragraphe-250-x-100-px.svg\",\"contentUrl\":\"https:\/\/www.redigermemoire.com\/wp-content\/uploads\/2025\/07\/Votre-texte-de-paragraphe-250-x-100-px.svg\",\"width\":250,\"height\":100,\"caption\":\"REDIGER MEMOIRE\"},\"image\":{\"@id\":\"https:\/\/www.redigermemoire.com\/#\/schema\/logo\/image\/\"},\"sameAs\":[\"https:\/\/www.facebook.com\/aideredactionmemoire\",\"https:\/\/x.com\/Redigermemoire\"]}]}<\/script>\n<!-- \/ Yoast SEO plugin. -->","yoast_head_json":{"title":"Connaitre les normes APA - R\u00e9diger M\u00e9moire","robots":{"index":"index","follow":"follow","max-snippet":"max-snippet:-1","max-image-preview":"max-image-preview:large","max-video-preview":"max-video-preview:-1"},"canonical":"https:\/\/www.redigermemoire.com\/en\/connaitre-les-normes-apa\/","og_locale":"en_US","og_type":"article","og_title":"Connaitre les normes APA - R\u00e9diger M\u00e9moire","og_description":"Nombreux sont les \u00e9tudiants qui se demandent comment respecter les normes APA&nbsp;? Ce terme n\u2019est pas utilis\u00e9 dans le langage de tous les jours. C\u2019est pourtant un terme bien connu des professeurs d\u2019universit\u00e9, des professionnels ainsi que des \u00e9tudiants. En effet, les normes APA permettent de citer des sources. Les r\u00e9dacteurs de stage, de m\u00e9moire [&hellip;]","og_url":"https:\/\/www.redigermemoire.com\/en\/connaitre-les-normes-apa\/","og_site_name":"R\u00e9diger M\u00e9moire","article_publisher":"https:\/\/www.facebook.com\/aideredactionmemoire","article_modified_time":"2024-06-12T14:44:59+00:00","twitter_card":"summary_large_image","twitter_site":"@Redigermemoire","twitter_misc":{"Est. reading time":"2 minutes"},"schema":{"@context":"https:\/\/schema.org","@graph":[{"@type":"WebPage","@id":"https:\/\/www.redigermemoire.com\/connaitre-les-normes-apa\/","url":"https:\/\/www.redigermemoire.com\/connaitre-les-normes-apa\/","name":"Connaitre les normes APA - R\u00e9diger M\u00e9moire","isPartOf":{"@id":"https:\/\/www.redigermemoire.com\/#website"},"datePublished":"2024-06-12T14:44:54+00:00","dateModified":"2024-06-12T14:44:59+00:00","breadcrumb":{"@id":"https:\/\/www.redigermemoire.com\/connaitre-les-normes-apa\/#breadcrumb"},"inLanguage":"en-US","potentialAction":[{"@type":"ReadAction","target":["https:\/\/www.redigermemoire.com\/connaitre-les-normes-apa\/"]}]},{"@type":"BreadcrumbList","@id":"https:\/\/www.redigermemoire.com\/connaitre-les-normes-apa\/#breadcrumb","itemListElement":[{"@type":"ListItem","position":1,"name":"Accueil","item":"https:\/\/www.redigermemoire.com\/"},{"@type":"ListItem","position":2,"name":"Connaitre les normes APA"}]},{"@type":"WebSite","@id":"https:\/\/www.redigermemoire.com\/#website","url":"https:\/\/www.redigermemoire.com\/","name":"R\u00e9diger M\u00e9moire","description":"Pour la r\u00e9ussite des \u00e9tudiants","publisher":{"@id":"https:\/\/www.redigermemoire.com\/#organization"},"potentialAction":[{"@type":"SearchAction","target":{"@type":"EntryPoint","urlTemplate":"https:\/\/www.redigermemoire.com\/?s={search_term_string}"},"query-input":{"@type":"PropertyValueSpecification","valueRequired":true,"valueName":"search_term_string"}}],"inLanguage":"en-US"},{"@type":"Organization","@id":"https:\/\/www.redigermemoire.com\/#organization","name":"REDIGER MEMOIRE","url":"https:\/\/www.redigermemoire.com\/","logo":{"@type":"ImageObject","inLanguage":"en-US","@id":"https:\/\/www.redigermemoire.com\/#\/schema\/logo\/image\/","url":"https:\/\/www.redigermemoire.com\/wp-content\/uploads\/2025\/07\/Votre-texte-de-paragraphe-250-x-100-px.svg","contentUrl":"https:\/\/www.redigermemoire.com\/wp-content\/uploads\/2025\/07\/Votre-texte-de-paragraphe-250-x-100-px.svg","width":250,"height":100,"caption":"REDIGER MEMOIRE"},"image":{"@id":"https:\/\/www.redigermemoire.com\/#\/schema\/logo\/image\/"},"sameAs":["https:\/\/www.facebook.com\/aideredactionmemoire","https:\/\/x.com\/Redigermemoire"]}]}},"jetpack_sharing_enabled":true,"_links":{"self":[{"href":"https:\/\/www.redigermemoire.com\/en\/wp-json\/wp\/v2\/pages\/5638","targetHints":{"allow":["GET"]}}],"collection":[{"href":"https:\/\/www.redigermemoire.com\/en\/wp-json\/wp\/v2\/pages"}],"about":[{"href":"https:\/\/www.redigermemoire.com\/en\/wp-json\/wp\/v2\/types\/page"}],"author":[{"embeddable":true,"href":"https:\/\/www.redigermemoire.com\/en\/wp-json\/wp\/v2\/users\/1"}],"replies":[{"embeddable":true,"href":"https:\/\/www.redigermemoire.com\/en\/wp-json\/wp\/v2\/comments?post=5638"}],"version-history":[{"count":0,"href":"https:\/\/www.redigermemoire.com\/en\/wp-json\/wp\/v2\/pages\/5638\/revisions"}],"wp:attachment":[{"href":"https:\/\/www.redigermemoire.com\/en\/wp-json\/wp\/v2\/media?parent=5638"}],"curies":[{"name":"wp","href":"https:\/\/api.w.org\/{rel}","templated":true}]}}