 

{"id":5652,"date":"2024-06-19T10:16:26","date_gmt":"2024-06-19T08:16:26","guid":{"rendered":"https:\/\/www.redigermemoire.com\/?page_id=5652"},"modified":"2025-07-08T15:00:53","modified_gmt":"2025-07-08T13:00:53","slug":"swot","status":"publish","type":"page","link":"https:\/\/www.redigermemoire.com\/en\/swot\/","title":{"rendered":"Etude SWOT"},"content":{"rendered":"<div class=\"wp-block-uagb-info-box uagb-block-eed51ec3 uagb-infobox__content-wrap  uagb-infobox-icon-above-title uagb-infobox-image-valign-top wp-block-uagb-info-box--has-margin\"><div class=\"uagb-infobox-margin-wrapper\"><div class=\"uagb-ifb-content\"><div class=\"uagb-ifb-title-wrap\"><h1 class=\"uagb-ifb-title\"><strong>Faire une analyse SWOT <\/strong><\/h1><\/div><p class=\"uagb-ifb-desc\">Etant un outil d\u2019analyse strat\u00e9gique largement utilis\u00e9 dans les entreprises, l&rsquo;analyse SWOT permet d\u2019\u00e9valuer les forces, les faiblesses, les opportunit\u00e9s et les menaces d&rsquo;un projet. Afin de mieux comprendre et pratiquer efficacement l\u2019analyse SWOT, il convient d\u2019apporter des \u00e9claircissements sur son importance, sa r\u00e9alisation, et les diff\u00e9rents points d\u2019attention \u00e0 suivre.<\/p><\/div><\/div><\/div>\n\n\n\n<div class=\"wp-block-uagb-container uagb-block-379f0310 alignfull uagb-is-root-container\"><div class=\"uagb-container-inner-blocks-wrap\">\n<div class=\"wp-block-uagb-container uagb-block-52704123\">\n<div class=\"wp-block-uagb-info-box uagb-block-e5273426 uagb-infobox__content-wrap  uagb-infobox-icon-above-title uagb-infobox-image-valign-top wp-block-uagb-info-box--has-margin\"><div class=\"uagb-infobox-margin-wrapper\"><div class=\"uagb-ifb-content\"><div class=\"uagb-ifb-title-wrap\"><h2 class=\"uagb-ifb-title\"><strong>Qu&rsquo;est-ce qu&rsquo;une Analyse SWOT &nbsp;dans la r\u00e9daction de m\u00e9moire ?<\/strong><\/h2><\/div><p class=\"uagb-ifb-desc\">L&rsquo;analyse SWOT fait r\u00e9f\u00e9rence \u00e0 une m\u00e9thode d&rsquo;\u00e9valuation qui contribue \u00e0 la d\u00e9termination des \u00e9l\u00e9ments internes et externes, pouvant influencer la performance d&rsquo;une organisation ou d&rsquo;un projet. Tout cela en vue de prendre des d\u00e9cisions strat\u00e9giques. \u00ab\u00a0SWOT\u00a0\u00bb est un acronyme anglais signifiant : Strengths (Forces), Weaknesses (Faiblesses), Opportunities (Opportunit\u00e9s), Threats (Menaces). Elle aide dans ce cas les entreprises \u00e0 comprendre leur position actuelle sur le march\u00e9, \u00e0 identifier les domaines \u00e0 am\u00e9liorer, et \u00e0 \u00e9laborer des strat\u00e9gies pour maximiser leurs avantages concurrentiels tout en minimisant les risques.<\/p><\/div><\/div><\/div>\n\n\n\n<div class=\"wp-block-uagb-info-box uagb-block-1e881ff8 uagb-infobox__content-wrap  uagb-infobox-icon-above-title uagb-infobox-image-valign-top wp-block-uagb-info-box--has-margin\"><div class=\"uagb-infobox-margin-wrapper\"><div class=\"uagb-ifb-content\"><div class=\"uagb-ifb-title-wrap\"><h5 class=\"uagb-ifb-title-prefix\">Besoin d&rsquo;un coup de main ? <\/h5><\/div><div class=\"uagb-ifb-button-wrapper wp-block-button\"><a href=\"\/en\/contact\/\" class=\"uagb-infobox-cta-link wp-block-button__link\" target=\"_self\" rel=\"noopener noreferrer\" onclick=\"return true;\"><span class=\"uagb-inline-editing\">COMMANDER UNE ANALYSE SWOT<\/span><\/a><\/div><\/div><\/div><\/div>\n<\/div>\n\n\n\n<div class=\"wp-block-uagb-container uagb-block-7008c575\">\n<div class=\"wp-block-uagb-image uagb-block-640a6c5b wp-block-uagb-image--layout-default wp-block-uagb-image--effect-static wp-block-uagb-image--align-none\"><figure class=\"wp-block-uagb-image__figure\"><img decoding=\"async\" data-srcset=\"https:\/\/www.redigermemoire.com\/wp-content\/uploads\/2024\/06\/hero-section-1024x753.jpg ,https:\/\/www.redigermemoire.com\/wp-content\/uploads\/2024\/06\/hero-section.jpg 780w, https:\/\/www.redigermemoire.com\/wp-content\/uploads\/2024\/06\/hero-section.jpg 360w\" data-sizes=\"auto, (max-width: 480px) 150px\" data-src=\"https:\/\/www.redigermemoire.com\/wp-content\/uploads\/2024\/06\/hero-section-1024x753.jpg\" alt=\"\" class=\"uag-image-5618 lazyload\" width=\"1024\" height=\"753\" title=\"hero-section.jpg\" role=\"img\" src=\"data:image\/svg+xml;base64,PHN2ZyB3aWR0aD0iMSIgaGVpZ2h0PSIxIiB4bWxucz0iaHR0cDovL3d3dy53My5vcmcvMjAwMC9zdmciPjwvc3ZnPg==\" style=\"--smush-placeholder-width: 1024px; --smush-placeholder-aspect-ratio: 1024\/753;\" \/><\/figure><\/div>\n<\/div>\n<\/div><\/div>\n\n\n\n<div class=\"wp-block-uagb-container uag-blocks-common-selector uagb-block-25cf62e4 alignfull uagb-is-root-container\"><div class=\"uagb-container-inner-blocks-wrap\">\n<div class=\"wp-block-uagb-container uag-blocks-common-selector uagb-block-a71d85eb\">\n<div class=\"wp-block-uagb-image aligncenter uagb-block-cf9353db wp-block-uagb-image--layout-default wp-block-uagb-image--effect-static wp-block-uagb-image--align-center\"><figure class=\"wp-block-uagb-image__figure\"><\/figure><\/div>\n<\/div>\n\n\n\n<div class=\"wp-block-uagb-container uagb-block-16f5afa9\">\n<div class=\"wp-block-uagb-advanced-heading uagb-block-254b694e\"><h2 class=\"uagb-heading-text\"><strong><strong>Comment la r\u00e9aliser ?<\/strong><\/strong><\/h2><p class=\"uagb-desc-text\">La premi\u00e8re \u00e9tape de l&rsquo;analyse SWOT consiste \u00e0 recueillir des informations sur l&rsquo;entreprise et son environnement, incluant des donn\u00e9es internes, notamment les rapports financiers, les performances des produits, et celles externes, comme les tendances du march\u00e9 et les activit\u00e9s des concurrents. Ensuite, il faut identifier les forces internes de l&rsquo;entreprise, telles que les comp\u00e9tences cl\u00e9s et les avantages concurrentiels. Afin de pouvoir les d\u00e9celer, il importe de poser des questions comme quels sont les produits ou services les plus performants ? Quels avantages concurrentiels poss\u00e9dons-nous ? La troisi\u00e8me \u00e9tape consiste \u00e0 rep\u00e9rer les faiblesses. Il s\u2019agit de d\u00e9tecter les aspects n\u00e9gatifs internes qui peuvent limiter la performance de l&rsquo;entreprise. <\/p><\/div>\n\n\n\n<div class=\"wp-block-uagb-advanced-heading uagb-block-9a8e5ce9\"><\/div>\n<\/div>\n<\/div><\/div>\n\n\n\n<div class=\"wp-block-uagb-container uagb-block-2009b3b8 alignfull uagb-is-root-container\"><div class=\"uagb-container-inner-blocks-wrap\">\n<div class=\"wp-block-uagb-advanced-heading uagb-block-bdd2d175\"><h2 class=\"uagb-heading-text\"><strong>Quelles recommandations suivre pour une analyse SWOT efficace&nbsp;?<\/strong><\/h2><\/div>\n\n\n\n<p><\/p>\n\n\n\n<div class=\"wp-block-uagb-container uag-blocks-common-selector uagb-block-d3be2094 alignfull uagb-is-root-container\"><div class=\"uagb-container-inner-blocks-wrap\">\n<div class=\"wp-block-uagb-container uagb-block-3fbc2321\">\n<div class=\"wp-block-uagb-container uagb-layout-grid uagb-block-9db4e41b alignfull uagb-is-root-container\"><div class=\"uagb-container-inner-blocks-wrap\">\n<div class=\"wp-block-uagb-info-box uagb-block-a500eea6 uagb-infobox__content-wrap  uagb-infobox-icon-above-title uagb-infobox-image-valign-top wp-block-uagb-info-box--has-margin\"><div class=\"uagb-infobox-margin-wrapper\"><div class=\"uagb-ifb-content\"><div class=\"uagb-ifb-title-wrap\"><h5 class=\"uagb-ifb-title\">Diversit\u00e9 des Perspectives gr\u00e2ce aux Parties Prenantes<\/h5><\/div><p class=\"uagb-ifb-desc\">Impliquer les diff\u00e9rentes parties prenantes, \u00e0 savoir les employ\u00e9s, les clients et les partenaires, fournit une perspective plus compl\u00e8te et diversifi\u00e9e. Leur participation permet de recueillir des informations pr\u00e9cieuses et vari\u00e9es qui enrichissent l&rsquo;analyse.<\/p><\/div><\/div><\/div>\n\n\n\n<div class=\"wp-block-uagb-info-box uagb-block-a021b1bb uagb-infobox__content-wrap  uagb-infobox-icon-above-title uagb-infobox-image-valign-top wp-block-uagb-info-box--has-margin\"><div class=\"uagb-infobox-margin-wrapper\"><div class=\"uagb-ifb-content\"><div class=\"uagb-ifb-title-wrap\"><h5 class=\"uagb-ifb-title\">Objectivit\u00e9 et Autocritique\u200b\u200b<\/h5><\/div><p class=\"uagb-ifb-desc\">Il est \u00e9galement tr\u00e8s important de rester objectif lors de l&rsquo;\u00e9valuation des forces et des faiblesses. Une autocritique honn\u00eate est essentielle pour obtenir une analyse pr\u00e9cise et utile. Il importe aussi d\u2019\u00e9viter les biais et reconna\u00eetre les v\u00e9ritables points forts et points faibles.<\/p><\/div><\/div><\/div>\n\n\n\n<div class=\"wp-block-uagb-info-box uagb-block-c586ee69 uagb-infobox__content-wrap  uagb-infobox-icon-above-title uagb-infobox-image-valign-top wp-block-uagb-info-box--has-margin\"><div class=\"uagb-infobox-margin-wrapper\"><div class=\"uagb-ifb-content\"><div class=\"uagb-ifb-title-wrap\"><h5 class=\"uagb-ifb-title\">Priorisation des Facteurs Cl\u00e9s pour la R\u00e9ussite de l&rsquo;Entreprise<\/h5><\/div><p class=\"uagb-ifb-desc\">De plus, apr\u00e8s avoir identifi\u00e9 les forces, faiblesses, opportunit\u00e9s et menaces, l\u2019id\u00e9al est de les prioriser en fonction de leur impact potentiel sur l&rsquo;entreprise. Cette hi\u00e9rarchisation joue un r\u00f4le dans la concentration des efforts sur les aspects les plus critiques pour la r\u00e9ussite de l&rsquo;entreprise.<\/p><\/div><\/div><\/div>\n\n\n\n<div class=\"wp-block-uagb-info-box uagb-block-90404bc1 uagb-infobox__content-wrap  uagb-infobox-icon-above-title uagb-infobox-image-valign-top wp-block-uagb-info-box--has-margin\"><div class=\"uagb-infobox-margin-wrapper\"><div class=\"uagb-ifb-content\"><div class=\"uagb-ifb-title-wrap\"><h5 class=\"uagb-ifb-title\">Planification strat\u00e9gique\u200b<\/h5><\/div><p class=\"uagb-ifb-desc\">Utilisez les r\u00e9sultats de l&rsquo;analyse SWOT pour \u00e9laborer des strat\u00e9gies concr\u00e8tes qui tirent parti des forces et des opportunit\u00e9s tout en minimisant les faiblesses et les menaces. Cela assure que l&rsquo;analyse m\u00e8ne \u00e0 des actions pratiques et am\u00e9liore la planification strat\u00e9gique de l&rsquo;entreprise.<\/p><\/div><\/div><\/div>\n\n\n\n<div class=\"wp-block-uagb-info-box uagb-block-cb852a91 uagb-infobox__content-wrap  uagb-infobox-icon-above-title uagb-infobox-image-valign-top wp-block-uagb-info-box--has-margin\"><div class=\"uagb-infobox-margin-wrapper\"><div class=\"uagb-ifb-content\"><div class=\"uagb-ifb-title-wrap\"><h5 class=\"uagb-ifb-title\">En conclusion <\/h5><\/div><p class=\"uagb-ifb-desc\">Ainsi, il faut admettre que l&rsquo;analyse SWOT fait partie des outils incontournables pour \u00e9valuer la position actuelle d&rsquo;une entreprise et planifier son avenir. En suivant les \u00e9tapes et en restant objectif, il est possible d\u2019identifier les facteurs cl\u00e9s qui influencent la performance de l\u2019entreprise et \u00e9laborer des strat\u00e9gies efficaces pour r\u00e9ussir.<\/p><\/div><\/div><\/div>\n<\/div><\/div>\n<\/div>\n<\/div><\/div>\n\n\n\n<div class=\"wp-block-uagb-container uagb-block-9e6eb056 alignfull uagb-is-root-container\"><div class=\"uagb-container-inner-blocks-wrap\">\n<div class=\"wp-block-uagb-container uagb-block-10d30462\">\n<div class=\"wp-block-uagb-info-box uagb-block-f4ec72d3 uagb-infobox__content-wrap  uagb-infobox-icon-above-title uagb-infobox-image-valign-top\"><div class=\"uagb-ifb-content\"><div class=\"uagb-ifb-title-wrap\"><h6 class=\"uagb-ifb-title-prefix\">DISPONIBLE 24\/7<\/h6><h2 class=\"uagb-ifb-title\">Le temps vous manque pour appliquer tout ca ?<\/h2><\/div><div class=\"uagb-ifb-separator\"><\/div><\/div><\/div>\n\n\n\n<div class=\"wp-block-uagb-advanced-heading uagb-block-320b4215\"><h6 class=\"uagb-heading-text\">Nos tuteurs de m\u00e9moire se feront un plaisir de prendre en charge votre projet.<\/h6><\/div>\n\n\n\n<div class=\"wp-block-uagb-buttons uagb-buttons__outer-wrap uagb-btn__default-btn uagb-btn-tablet__default-btn uagb-btn-mobile__default-btn uagb-block-95db8ceb\"><div class=\"uagb-buttons__wrap uagb-buttons-layout-wrap\">\n<div class=\"wp-block-uagb-buttons-child uagb-buttons__outer-wrap uagb-block-65fab600 wp-block-button\"><div class=\"uagb-button__wrapper\"><a class=\"uagb-buttons-repeater wp-block-button__link\" aria-label=\"\" href=\"\/en\/contact\/\" rel=\"follow noopener\" target=\"_self\" role=\"button\"><div class=\"uagb-button__link\">Nous contacter<\/div><\/a><\/div><\/div>\n<\/div><\/div>\n<\/div>\n<\/div><\/div>\n<\/div><\/div>","protected":false},"excerpt":{"rendered":"","protected":false},"author":1,"featured_media":0,"parent":0,"menu_order":0,"comment_status":"closed","ping_status":"closed","template":"","meta":{"_acf_changed":false,"inline_featured_image":false,"_glsr_average":0,"_glsr_ranking":0,"_glsr_reviews":0,"footnotes":""},"class_list":["post-5652","page","type-page","status-publish","hentry"],"acf":[],"yoast_head":"<!-- This site is optimized with the Yoast SEO plugin v26.8 - https:\/\/yoast.com\/product\/yoast-seo-wordpress\/ -->\n<title>Etude SWOT - R\u00e9diger M\u00e9moire<\/title>\n<meta name=\"description\" content=\"Une \u00e9tude de march\u00e9 r\u00e9ussie n\u00e9cessite une analyse swot et pestel lors de la r\u00e9daction de m\u00e9moire de Master\" \/>\n<meta name=\"robots\" content=\"index, follow, max-snippet:-1, max-image-preview:large, max-video-preview:-1\" \/>\n<link rel=\"canonical\" href=\"https:\/\/www.redigermemoire.com\/en\/swot\/\" \/>\n<meta property=\"og:locale\" content=\"en_US\" \/>\n<meta property=\"og:type\" content=\"article\" \/>\n<meta property=\"og:title\" content=\"Etude SWOT - R\u00e9diger M\u00e9moire\" \/>\n<meta property=\"og:description\" content=\"Une \u00e9tude de march\u00e9 r\u00e9ussie n\u00e9cessite une analyse swot et pestel lors de la r\u00e9daction de m\u00e9moire de Master\" \/>\n<meta property=\"og:url\" content=\"https:\/\/www.redigermemoire.com\/en\/swot\/\" \/>\n<meta property=\"og:site_name\" content=\"R\u00e9diger M\u00e9moire\" \/>\n<meta property=\"article:publisher\" content=\"https:\/\/www.facebook.com\/aideredactionmemoire\" \/>\n<meta property=\"article:modified_time\" content=\"2025-07-08T13:00:53+00:00\" \/>\n<meta property=\"og:image\" content=\"https:\/\/www.redigermemoire.com\/wp-content\/uploads\/2024\/06\/hero-section-1024x753.jpg\" \/>\n<meta name=\"twitter:card\" content=\"summary_large_image\" \/>\n<meta name=\"twitter:site\" content=\"@Redigermemoire\" \/>\n<meta name=\"twitter:label1\" content=\"Est. reading time\" \/>\n\t<meta name=\"twitter:data1\" content=\"3 minutes\" \/>\n<script type=\"application\/ld+json\" class=\"yoast-schema-graph\">{\"@context\":\"https:\/\/schema.org\",\"@graph\":[{\"@type\":\"WebPage\",\"@id\":\"https:\/\/www.redigermemoire.com\/swot\/\",\"url\":\"https:\/\/www.redigermemoire.com\/swot\/\",\"name\":\"Etude SWOT - R\u00e9diger M\u00e9moire\",\"isPartOf\":{\"@id\":\"https:\/\/www.redigermemoire.com\/#website\"},\"primaryImageOfPage\":{\"@id\":\"https:\/\/www.redigermemoire.com\/swot\/#primaryimage\"},\"image\":{\"@id\":\"https:\/\/www.redigermemoire.com\/swot\/#primaryimage\"},\"thumbnailUrl\":\"https:\/\/www.redigermemoire.com\/wp-content\/uploads\/2024\/06\/hero-section-1024x753.jpg\",\"datePublished\":\"2024-06-19T08:16:26+00:00\",\"dateModified\":\"2025-07-08T13:00:53+00:00\",\"description\":\"Une \u00e9tude de march\u00e9 r\u00e9ussie n\u00e9cessite une analyse swot et pestel lors de la r\u00e9daction de m\u00e9moire de Master\",\"breadcrumb\":{\"@id\":\"https:\/\/www.redigermemoire.com\/swot\/#breadcrumb\"},\"inLanguage\":\"en-US\",\"potentialAction\":[{\"@type\":\"ReadAction\",\"target\":[\"https:\/\/www.redigermemoire.com\/swot\/\"]}]},{\"@type\":\"ImageObject\",\"inLanguage\":\"en-US\",\"@id\":\"https:\/\/www.redigermemoire.com\/swot\/#primaryimage\",\"url\":\"https:\/\/www.redigermemoire.com\/wp-content\/uploads\/2024\/06\/hero-section-1024x753.jpg\",\"contentUrl\":\"https:\/\/www.redigermemoire.com\/wp-content\/uploads\/2024\/06\/hero-section-1024x753.jpg\"},{\"@type\":\"BreadcrumbList\",\"@id\":\"https:\/\/www.redigermemoire.com\/swot\/#breadcrumb\",\"itemListElement\":[{\"@type\":\"ListItem\",\"position\":1,\"name\":\"Accueil\",\"item\":\"https:\/\/www.redigermemoire.com\/\"},{\"@type\":\"ListItem\",\"position\":2,\"name\":\"Etude SWOT\"}]},{\"@type\":\"WebSite\",\"@id\":\"https:\/\/www.redigermemoire.com\/#website\",\"url\":\"https:\/\/www.redigermemoire.com\/\",\"name\":\"R\u00e9diger M\u00e9moire\",\"description\":\"Pour la r\u00e9ussite des \u00e9tudiants\",\"publisher\":{\"@id\":\"https:\/\/www.redigermemoire.com\/#organization\"},\"potentialAction\":[{\"@type\":\"SearchAction\",\"target\":{\"@type\":\"EntryPoint\",\"urlTemplate\":\"https:\/\/www.redigermemoire.com\/?s={search_term_string}\"},\"query-input\":{\"@type\":\"PropertyValueSpecification\",\"valueRequired\":true,\"valueName\":\"search_term_string\"}}],\"inLanguage\":\"en-US\"},{\"@type\":\"Organization\",\"@id\":\"https:\/\/www.redigermemoire.com\/#organization\",\"name\":\"REDIGER MEMOIRE\",\"url\":\"https:\/\/www.redigermemoire.com\/\",\"logo\":{\"@type\":\"ImageObject\",\"inLanguage\":\"en-US\",\"@id\":\"https:\/\/www.redigermemoire.com\/#\/schema\/logo\/image\/\",\"url\":\"https:\/\/www.redigermemoire.com\/wp-content\/uploads\/2025\/07\/Votre-texte-de-paragraphe-250-x-100-px.svg\",\"contentUrl\":\"https:\/\/www.redigermemoire.com\/wp-content\/uploads\/2025\/07\/Votre-texte-de-paragraphe-250-x-100-px.svg\",\"width\":250,\"height\":100,\"caption\":\"REDIGER MEMOIRE\"},\"image\":{\"@id\":\"https:\/\/www.redigermemoire.com\/#\/schema\/logo\/image\/\"},\"sameAs\":[\"https:\/\/www.facebook.com\/aideredactionmemoire\",\"https:\/\/x.com\/Redigermemoire\"]}]}<\/script>\n<!-- \/ Yoast SEO plugin. -->","yoast_head_json":{"title":"Etude SWOT - R\u00e9diger M\u00e9moire","description":"Une \u00e9tude de march\u00e9 r\u00e9ussie n\u00e9cessite une analyse swot et pestel lors de la r\u00e9daction de m\u00e9moire de Master","robots":{"index":"index","follow":"follow","max-snippet":"max-snippet:-1","max-image-preview":"max-image-preview:large","max-video-preview":"max-video-preview:-1"},"canonical":"https:\/\/www.redigermemoire.com\/en\/swot\/","og_locale":"en_US","og_type":"article","og_title":"Etude SWOT - R\u00e9diger M\u00e9moire","og_description":"Une \u00e9tude de march\u00e9 r\u00e9ussie n\u00e9cessite une analyse swot et pestel lors de la r\u00e9daction de m\u00e9moire de Master","og_url":"https:\/\/www.redigermemoire.com\/en\/swot\/","og_site_name":"R\u00e9diger M\u00e9moire","article_publisher":"https:\/\/www.facebook.com\/aideredactionmemoire","article_modified_time":"2025-07-08T13:00:53+00:00","og_image":[{"url":"https:\/\/www.redigermemoire.com\/wp-content\/uploads\/2024\/06\/hero-section-1024x753.jpg","type":"","width":"","height":""}],"twitter_card":"summary_large_image","twitter_site":"@Redigermemoire","twitter_misc":{"Est. reading time":"3 minutes"},"schema":{"@context":"https:\/\/schema.org","@graph":[{"@type":"WebPage","@id":"https:\/\/www.redigermemoire.com\/swot\/","url":"https:\/\/www.redigermemoire.com\/swot\/","name":"Etude SWOT - R\u00e9diger M\u00e9moire","isPartOf":{"@id":"https:\/\/www.redigermemoire.com\/#website"},"primaryImageOfPage":{"@id":"https:\/\/www.redigermemoire.com\/swot\/#primaryimage"},"image":{"@id":"https:\/\/www.redigermemoire.com\/swot\/#primaryimage"},"thumbnailUrl":"https:\/\/www.redigermemoire.com\/wp-content\/uploads\/2024\/06\/hero-section-1024x753.jpg","datePublished":"2024-06-19T08:16:26+00:00","dateModified":"2025-07-08T13:00:53+00:00","description":"Une \u00e9tude de march\u00e9 r\u00e9ussie n\u00e9cessite une analyse swot et pestel lors de la r\u00e9daction de m\u00e9moire de Master","breadcrumb":{"@id":"https:\/\/www.redigermemoire.com\/swot\/#breadcrumb"},"inLanguage":"en-US","potentialAction":[{"@type":"ReadAction","target":["https:\/\/www.redigermemoire.com\/swot\/"]}]},{"@type":"ImageObject","inLanguage":"en-US","@id":"https:\/\/www.redigermemoire.com\/swot\/#primaryimage","url":"https:\/\/www.redigermemoire.com\/wp-content\/uploads\/2024\/06\/hero-section-1024x753.jpg","contentUrl":"https:\/\/www.redigermemoire.com\/wp-content\/uploads\/2024\/06\/hero-section-1024x753.jpg"},{"@type":"BreadcrumbList","@id":"https:\/\/www.redigermemoire.com\/swot\/#breadcrumb","itemListElement":[{"@type":"ListItem","position":1,"name":"Accueil","item":"https:\/\/www.redigermemoire.com\/"},{"@type":"ListItem","position":2,"name":"Etude SWOT"}]},{"@type":"WebSite","@id":"https:\/\/www.redigermemoire.com\/#website","url":"https:\/\/www.redigermemoire.com\/","name":"R\u00e9diger M\u00e9moire","description":"Pour la r\u00e9ussite des \u00e9tudiants","publisher":{"@id":"https:\/\/www.redigermemoire.com\/#organization"},"potentialAction":[{"@type":"SearchAction","target":{"@type":"EntryPoint","urlTemplate":"https:\/\/www.redigermemoire.com\/?s={search_term_string}"},"query-input":{"@type":"PropertyValueSpecification","valueRequired":true,"valueName":"search_term_string"}}],"inLanguage":"en-US"},{"@type":"Organization","@id":"https:\/\/www.redigermemoire.com\/#organization","name":"REDIGER MEMOIRE","url":"https:\/\/www.redigermemoire.com\/","logo":{"@type":"ImageObject","inLanguage":"en-US","@id":"https:\/\/www.redigermemoire.com\/#\/schema\/logo\/image\/","url":"https:\/\/www.redigermemoire.com\/wp-content\/uploads\/2025\/07\/Votre-texte-de-paragraphe-250-x-100-px.svg","contentUrl":"https:\/\/www.redigermemoire.com\/wp-content\/uploads\/2025\/07\/Votre-texte-de-paragraphe-250-x-100-px.svg","width":250,"height":100,"caption":"REDIGER MEMOIRE"},"image":{"@id":"https:\/\/www.redigermemoire.com\/#\/schema\/logo\/image\/"},"sameAs":["https:\/\/www.facebook.com\/aideredactionmemoire","https:\/\/x.com\/Redigermemoire"]}]}},"jetpack_sharing_enabled":true,"_links":{"self":[{"href":"https:\/\/www.redigermemoire.com\/en\/wp-json\/wp\/v2\/pages\/5652","targetHints":{"allow":["GET"]}}],"collection":[{"href":"https:\/\/www.redigermemoire.com\/en\/wp-json\/wp\/v2\/pages"}],"about":[{"href":"https:\/\/www.redigermemoire.com\/en\/wp-json\/wp\/v2\/types\/page"}],"author":[{"embeddable":true,"href":"https:\/\/www.redigermemoire.com\/en\/wp-json\/wp\/v2\/users\/1"}],"replies":[{"embeddable":true,"href":"https:\/\/www.redigermemoire.com\/en\/wp-json\/wp\/v2\/comments?post=5652"}],"version-history":[{"count":0,"href":"https:\/\/www.redigermemoire.com\/en\/wp-json\/wp\/v2\/pages\/5652\/revisions"}],"wp:attachment":[{"href":"https:\/\/www.redigermemoire.com\/en\/wp-json\/wp\/v2\/media?parent=5652"}],"curies":[{"name":"wp","href":"https:\/\/api.w.org\/{rel}","templated":true}]}}