 

{"id":6037,"date":"2024-11-10T15:06:06","date_gmt":"2024-11-10T14:06:06","guid":{"rendered":"https:\/\/www.redigermemoire.com\/?page_id=6037"},"modified":"2024-12-17T15:38:31","modified_gmt":"2024-12-17T14:38:31","slug":"memoire-master","status":"publish","type":"page","link":"https:\/\/www.redigermemoire.com\/en\/memoire-master\/","title":{"rendered":"aide r\u00e9daction m\u00e9moire master 2"},"content":{"rendered":"<p><\/p>\n\n\n\n<div class=\"wp-block-uagb-container uagb-block-712b80e8 alignfull uagb-is-root-container\"><div class=\"uagb-container-inner-blocks-wrap\">\n<div class=\"wp-block-uagb-container uagb-block-f3e20a10\">\n<h1 class=\"wp-block-heading has-text-align-center has-vivid-purple-color has-text-color has-link-color wp-elements-efb372dfe22508636a247e4d4c120230\">Aide \u00e0 la r\u00e9daction de m\u00e9moire Master 2<\/h1>\n\n\n\n<p><strong>Demander une aide \u00e0 la r\u00e9daction de m\u00e9moire pour un Master 2 <\/strong> est d\u00e9sormais une alternative possible. Face \u00e0 la charge de travail pesante qui incombe aux \u00e9tudiants, solliciter l&rsquo;assistance d&rsquo;un r\u00e9dacteur expert, sp\u00e9cialis\u00e9 dans la compr\u00e9hension des exigences acad\u00e9miques, repr\u00e9sente une opportunit\u00e9 pour all\u00e9ger votre charge et d\u00e9l\u00e9guer certaines t\u00e2ches.<\/p>\n<\/div>\n\n\n\n<div class=\"wp-block-uagb-image aligncenter uagb-block-e2671e1d wp-block-uagb-image--layout-default wp-block-uagb-image--effect-static wp-block-uagb-image--align-center alignright\"><figure class=\"wp-block-uagb-image__figure\"><img decoding=\"async\" data-srcset=\"https:\/\/www.redigermemoire.com\/wp-content\/uploads\/2024\/06\/law-about.jpg ,https:\/\/www.redigermemoire.com\/wp-content\/uploads\/2024\/06\/law-about.jpg 780w, https:\/\/www.redigermemoire.com\/wp-content\/uploads\/2024\/06\/law-about.jpg 360w\" data-sizes=\"auto, (max-width: 480px) 150px\" data-src=\"https:\/\/www.redigermemoire.com\/wp-content\/uploads\/2024\/06\/law-about.jpg\" alt=\"\" class=\"uag-image-5619 lazyload\" width=\"600\" height=\"500\" title=\"law-about.jpg\" role=\"img\" src=\"data:image\/svg+xml;base64,PHN2ZyB3aWR0aD0iMSIgaGVpZ2h0PSIxIiB4bWxucz0iaHR0cDovL3d3dy53My5vcmcvMjAwMC9zdmciPjwvc3ZnPg==\" style=\"--smush-placeholder-width: 600px; --smush-placeholder-aspect-ratio: 600\/500;\" \/><\/figure><\/div>\n<\/div><\/div>\n\n\n\n<h2 class=\"wp-block-heading has-text-align-center has-ast-global-color-6-color has-luminous-vivid-amber-background-color has-text-color has-background has-link-color wp-elements-52bf9b535c5b1ad81f67f7820ccbdb8d\" style=\"font-size:32px\">Un accompagnement total ou partiel pour r\u00e9diger un m\u00e9moire de master 2<\/h2>\n\n\n\n<div class=\"wp-block-uagb-container uagb-block-1900f246 alignfull uagb-is-root-container\"><div class=\"uagb-container-inner-blocks-wrap\">\n<div class=\"wp-block-uagb-image uagb-block-3668508b wp-block-uagb-image--layout-default wp-block-uagb-image--effect-static wp-block-uagb-image--align-none\"><figure class=\"wp-block-uagb-image__figure\"><img decoding=\"async\" data-srcset=\"https:\/\/www.redigermemoire.com\/wp-content\/uploads\/2024\/08\/calligraphy-img-02.jpg ,https:\/\/www.redigermemoire.com\/wp-content\/uploads\/2024\/08\/calligraphy-img-02.jpg 780w, https:\/\/www.redigermemoire.com\/wp-content\/uploads\/2024\/08\/calligraphy-img-02.jpg 360w\" data-sizes=\"auto, (max-width: 480px) 150px\" data-src=\"https:\/\/www.redigermemoire.com\/wp-content\/uploads\/2024\/08\/calligraphy-img-02.jpg\" alt=\"aide r\u00e9daction m\u00e9moire master 2 \" class=\"uag-image-5779 lazyload\" width=\"600\" height=\"600\" title=\"calligraphy-img-02.jpg\" role=\"img\" src=\"data:image\/svg+xml;base64,PHN2ZyB3aWR0aD0iMSIgaGVpZ2h0PSIxIiB4bWxucz0iaHR0cDovL3d3dy53My5vcmcvMjAwMC9zdmciPjwvc3ZnPg==\" style=\"--smush-placeholder-width: 600px; --smush-placeholder-aspect-ratio: 600\/600;\" \/><\/figure><\/div>\n\n\n\n<div class=\"wp-block-uagb-info-box uagb-block-25e98794 uagb-infobox__content-wrap  uagb-infobox-icon-above-title uagb-infobox-image-valign-top\"><div class=\"uagb-ifb-content\"><div class=\"uagb-ifb-title-wrap\"><h6 class=\"uagb-ifb-title-prefix\">About us<\/h6><h2 class=\"uagb-ifb-title\">Pourquoi faire appel \u00e0 nos services ? <\/h2><\/div><p class=\"uagb-ifb-desc\">Notre service d&rsquo;<strong>aide \u00e0 la r\u00e9daction de m\u00e9moire<\/strong> propose un accompagnement personnalis\u00e9 \u00e0 tous les \u00e9tudiants souhaitant atteindre les meilleurs r\u00e9sultats. Nous offrons une assistance compl\u00e8te ou partielle, selon le choix de l&rsquo;\u00e9tudiant. En effet, notre soutien peut englober l&rsquo;ensemble du <strong>devoir <\/strong>ou se concentrer sur des parties sp\u00e9cifiques, en fonction des besoins de chacun.<br><br>Le r\u00f4le de notre<strong> expert en r\u00e9daction<\/strong> est d&rsquo;orienter l&rsquo;\u00e9tudiant dans sa recherche et de <strong>r\u00e9diger les sections<\/strong> qui peuvent s&rsquo;av\u00e9rer complexes. Bien que l&rsquo;accompagnement puisse parfois englober la r\u00e9daction int\u00e9grale du m\u00e9moire, il est crucial de noter que ce processus se d\u00e9roule en \u00e9troite collaboration avec l&rsquo;\u00e9tudiant, impliquant une mise en commun des id\u00e9es et des connaissances pour garantir un travail v\u00e9ritablement personnalis\u00e9.<\/p><div class=\"uagb-ifb-button-wrapper wp-block-button\"><a href=\"\/en\/contact\/\" class=\"uagb-infobox-cta-link wp-block-button__link\" target=\"_blank\" rel=\"noopener noreferrer\" onclick=\"return true;\"><span class=\"uagb-inline-editing\">DEMANDER UNE REDACTION<\/span><\/a><\/div><\/div><\/div>\n<\/div><\/div>\n\n\n\n<div class=\"wp-block-uagb-container uagb-block-c14af0c7 alignfull uagb-is-root-container\"><div class=\"uagb-container-inner-blocks-wrap\">\n<h2 class=\"wp-block-heading has-text-align-center has-vivid-purple-color has-text-color has-link-color wp-elements-c6f0685c8988de0d87c93db83e88f4d3\">Une aide \u00e0 la r\u00e9daction de m\u00e9moire de master 2 ou pour une correction ? Nous avons LA solution pour vous. <\/h2>\n\n\n\n<div class=\"wp-block-uagb-container uagb-block-41c3ba05\">\n<div class=\"wp-block-uagb-container uagb-block-c1fadbdc\">\n<div class=\"wp-block-uagb-info-box uagb-block-b1b5b200 uagb-infobox__content-wrap  uagb-infobox-icon-above-title uagb-infobox-image-valign-top\"><div class=\"uagb-ifb-content\"><div class=\"uagb-ifb-title-wrap\"><h4 class=\"uagb-ifb-title\">Ajustement de votre probl\u00e9matique<\/h4><\/div><p class=\"uagb-ifb-desc\">Une probl\u00e9matique bien d\u00e9finie est essentielle pour structurer votre m\u00e9moire et guider votre r\u00e9flexion. Elle apporte une direction claire \u00e0 votre travail et en renforce la coh\u00e9rence. Sans une question centrale, vous risquez de vous disperser, ce qui rendra la lecture moins fluide et pourrait diminuer l\u2019impact de votre recherche aux yeux du lecteur. Notre service vous aide \u00e0 formuler une probl\u00e9matique pr\u00e9cise et pertinente, assurant ainsi que votre m\u00e9moire capte l\u2019attention du lecteur et exprime pleinement la valeur de votre travail.<\/p><div class=\"uagb-ifb-button-wrapper wp-block-button\"><a href=\"\/en\/contact\/\" target=\"_self\" onclick=\"return true;\" class=\"uagb-infobox-cta-link\" rel=\"noopener noreferrer\"><span class=\"uagb-inline-editing\">Demander une probl\u00e9matique<\/span><svg xmlns=\"https:\/\/www.w3.org\/2000\/svg\" viewbox=\"0 0 256 512\"><path d=\"M64 448c-8.188 0-16.38-3.125-22.62-9.375c-12.5-12.5-12.5-32.75 0-45.25L178.8 256L41.38 118.6c-12.5-12.5-12.5-32.75 0-45.25s32.75-12.5 45.25 0l160 160c12.5 12.5 12.5 32.75 0 45.25l-160 160C80.38 444.9 72.19 448 64 448z\"><\/path><\/svg><\/a><\/div><\/div><\/div>\n<\/div>\n\n\n\n<div class=\"wp-block-uagb-container uagb-block-e9afa435\">\n<div class=\"wp-block-uagb-info-box uagb-block-ab231e6d uagb-infobox__content-wrap  uagb-infobox-icon-above-title uagb-infobox-image-valign-top\"><div class=\"uagb-ifb-content\"><div class=\"uagb-ifb-title-wrap\"><h4 class=\"uagb-ifb-title\">Aide pour le sujet de m\u00e9moire <\/h4><\/div><p class=\"uagb-ifb-desc\">Le choix du sujet ou du th\u00e8me de votre m\u00e9moire est indissociable de la formulation de votre probl\u00e9matique. Pour garantir la clart\u00e9 et la profondeur de votre analyse, il est essentiel de concentrer votre travail sur un seul sujet bien d\u00e9fini. Notre service vous accompagne pour d\u00e9finir un th\u00e8me et une probl\u00e9matique coh\u00e9rents, afin que votre m\u00e9moire reste structur\u00e9, pertinent et facile \u00e0 suivre pour le lecteur.<\/p><div class=\"uagb-ifb-button-wrapper wp-block-button\"><a href=\"\/en\/contact\/\" target=\"_self\" onclick=\"return true;\" class=\"uagb-infobox-cta-link\" rel=\"noopener noreferrer\"><span class=\"uagb-inline-editing\">Demander une aide pour le sujet<\/span><svg xmlns=\"https:\/\/www.w3.org\/2000\/svg\" viewbox=\"0 0 256 512\"><path d=\"M64 448c-8.188 0-16.38-3.125-22.62-9.375c-12.5-12.5-12.5-32.75 0-45.25L178.8 256L41.38 118.6c-12.5-12.5-12.5-32.75 0-45.25s32.75-12.5 45.25 0l160 160c12.5 12.5 12.5 32.75 0 45.25l-160 160C80.38 444.9 72.19 448 64 448z\"><\/path><\/svg><\/a><\/div><\/div><\/div>\n<\/div>\n\n\n\n<div class=\"wp-block-uagb-container uagb-block-05c2c440\">\n<div class=\"wp-block-uagb-info-box uagb-block-74deb32e uagb-infobox__content-wrap  uagb-infobox-icon-above-title uagb-infobox-image-valign-top\"><div class=\"uagb-ifb-content\"><div class=\"uagb-ifb-title-wrap\"><h4 class=\"uagb-ifb-title\">Aide pour le plan de m\u00e9moire<\/h4><\/div><p class=\"uagb-ifb-desc\">La conception du plan est une \u00e9tape essentielle \u00e0 r\u00e9aliser avant de commencer la r\u00e9daction. Un plan bien structur\u00e9 vous permettra de d\u00e9finir les grandes lignes de votre travail et d\u2019organiser votre pens\u00e9e de mani\u00e8re coh\u00e9rente. Vous pourrez ainsi approfondir chaque section de mani\u00e8re ordonn\u00e9e et logique, en traitant chaque \u00e9l\u00e9ment avec pr\u00e9cision. Notre service vous aide \u00e0 \u00e9laborer un plan d\u00e9taill\u00e9 qui optimisera votre r\u00e9daction et facilitera la compr\u00e9hension de votre m\u00e9moire par le lecteur.<\/p><div class=\"uagb-ifb-button-wrapper wp-block-button\"><a href=\"\/en\/contact\/\" target=\"_self\" onclick=\"return true;\" class=\"uagb-infobox-cta-link\" rel=\"noopener noreferrer\"><span class=\"uagb-inline-editing\">Demander une aide pour le plan<\/span><svg xmlns=\"https:\/\/www.w3.org\/2000\/svg\" viewbox=\"0 0 256 512\"><path d=\"M64 448c-8.188 0-16.38-3.125-22.62-9.375c-12.5-12.5-12.5-32.75 0-45.25L178.8 256L41.38 118.6c-12.5-12.5-12.5-32.75 0-45.25s32.75-12.5 45.25 0l160 160c12.5 12.5 12.5 32.75 0 45.25l-160 160C80.38 444.9 72.19 448 64 448z\"><\/path><\/svg><\/a><\/div><\/div><\/div>\n<\/div>\n<\/div>\n\n\n\n<h2 class=\"wp-block-heading has-text-align-center has-ast-global-color-6-color has-luminous-vivid-amber-background-color has-text-color has-background has-link-color wp-elements-4a5be24366ae1c497a466c046e71e923\">Un service de relecture de m\u00e9moire disponiible toute l&rsquo;ann\u00e9e pour votre Master 2<\/h2>\n<\/div><\/div>\n\n\n\n<div class=\"wp-block-uagb-container uagb-block-8adefc04 alignfull uagb-is-root-container\"><div class=\"uagb-container-inner-blocks-wrap\">\n<div class=\"wp-block-uagb-container uagb-block-a0169e98 alignfull uagb-is-root-container\"><div class=\"uagb-container-inner-blocks-wrap\">\n<div class=\"wp-block-uagb-container uagb-block-25f186df\">\n<div class=\"wp-block-uagb-advanced-heading uagb-block-a70e9514\"><h3 class=\"uagb-heading-text\">V\u00e9rification du style d&rsquo;\u00e9criture<\/h3><p class=\"uagb-desc-text\">Pour une r\u00e9daction claire et accessible, privil\u00e9giez un langage simple et fluide, sans chercher un niveau de langage trop soutenu, mais en \u00e9vitant \u00e9galement le style trop familier. Utilisez un fran\u00e7ais correct et compr\u00e9hensible pour tous. Sauf indication contraire de votre \u00e9tablissement, vous pouvez employer le pronom \u00ab nous \u00bb pour une \u00e9criture plus inclusive et professionnelle. Notre service de relecture vous aide \u00e0 affiner la formulation de vos phrases pour rendre votre document \u00e0 la fois clair et conforme aux attentes acad\u00e9miques.<\/p><\/div>\n\n\n\n<div class=\"wp-block-uagb-advanced-heading uagb-block-58ceb800\"><h3 class=\"uagb-heading-text\">V\u00e9rification de votre \u00e9tat de l&rsquo;art<\/h3><p class=\"uagb-desc-text\"> La qualit\u00e9 de votre m\u00e9moire repose en grande partie sur la rigueur de votre recherche et la pertinence de votre revue de litt\u00e9rature. Pour garantir la cr\u00e9dibilit\u00e9 de vos arguments, il est recommand\u00e9 de s\u00e9lectionner des sources fiables, telles que des articles, revues et ouvrages acad\u00e9miques valid\u00e9s par des experts. Ces sources assurent des donn\u00e9es solides et rigoureuses, r\u00e9pondant aux attentes acad\u00e9miques de votre \u00e9tablissement. Notre service vous accompagne dans la s\u00e9lection et l&rsquo;analyse de sources pertinentes pour renforcer la profondeur et l\u2019autorit\u00e9 de votre travail.<\/p><\/div>\n<\/div>\n\n\n\n<div class=\"wp-block-uagb-container uagb-block-de87c0ea\">\n<div class=\"wp-block-uagb-advanced-heading uagb-block-909a8690\"><h3 class=\"uagb-heading-text\">Contr\u00f4le de plagiat <\/h3><p class=\"uagb-desc-text\">Pour \u00e9viter des sanctions et assurer l\u2019originalit\u00e9 de votre travail, notre service de relecture et v\u00e9rification vous aide \u00e0 identifier et corriger les passages potentiellement probl\u00e9matiques, en vous guidant vers une r\u00e9daction authentique et respectueuse des normes acad\u00e9miques.<\/p><\/div>\n\n\n\n<div class=\"wp-block-uagb-advanced-heading uagb-block-b52e12c0\"><h3 class=\"uagb-heading-text\">R\u00e9vision g\u00e9n\u00e9rale du document<\/h3><p class=\"uagb-desc-text\">La relecture de votre m\u00e9moire est une \u00e9tape cruciale \u00e0 ne surtout pas n\u00e9gliger. En plus de votre propre relecture, il est recommand\u00e9 de faire relire votre document par une autre personne pour b\u00e9n\u00e9ficier d\u2019un regard ext\u00e9rieur. Cette \u00e9tape permet de rep\u00e9rer les formulations \u00e0 am\u00e9liorer, de r\u00e9organiser certaines id\u00e9es pour plus de clart\u00e9 et de renforcer la logique de votre argumentation. La relecture fait partie int\u00e9grante du processus de r\u00e9daction et contribue \u00e0 la qualit\u00e9 finale de votre m\u00e9moire. Notre service vous propose une relecture approfondie pour assurer la coh\u00e9rence et la fluidit\u00e9 de votre travail.<\/p><\/div>\n<\/div>\n<\/div><\/div>\n<\/div><\/div>\n\n\n\n<h2 class=\"wp-block-heading has-text-align-center\">Une aide \u00e0 la r\u00e9daction de m\u00e9moire de master 2 \u00e0 la hauteur des exigences <\/h2>\n\n\n\n<div class=\"wp-block-uagb-buttons uagb-buttons__outer-wrap uagb-btn__default-btn uagb-btn-tablet__default-btn uagb-btn-mobile__default-btn uagb-block-8697c879\"><div class=\"uagb-buttons__wrap uagb-buttons-layout-wrap\">\n<div class=\"wp-block-uagb-buttons-child uagb-buttons__outer-wrap uagb-block-5c0eb418 wp-block-button\"><div class=\"uagb-button__wrapper\"><a class=\"uagb-buttons-repeater wp-block-button__link\" aria-label=\"\" href=\"\/en\/contact\/\" rel=\"follow noopener\" target=\"_blank\" role=\"button\"><div class=\"uagb-button__link\">DEMANDER UNE RELECTURE DE MEMOIRE <\/div><\/a><\/div><\/div>\n<\/div><\/div>\n\n\n\n<p><\/p>","protected":false},"excerpt":{"rendered":"<p>Un accompagnement total ou partiel pour r\u00e9diger un m\u00e9moire de master 2 Une aide \u00e0 la r\u00e9daction de m\u00e9moire de master 2 \u00e0 la hauteur des exigences<\/p>","protected":false},"author":1,"featured_media":0,"parent":0,"menu_order":0,"comment_status":"closed","ping_status":"closed","template":"","meta":{"_acf_changed":false,"inline_featured_image":false,"_glsr_average":0,"_glsr_ranking":0,"_glsr_reviews":0,"footnotes":""},"class_list":["post-6037","page","type-page","status-publish","hentry"],"acf":[],"yoast_head":"<!-- This site is optimized with the Yoast SEO plugin v26.8 - https:\/\/yoast.com\/product\/yoast-seo-wordpress\/ -->\n<title>aide r\u00e9daction m\u00e9moire master 2 - R\u00e9diger M\u00e9moire<\/title>\n<meta name=\"description\" content=\"Notre service d&#039;aide r\u00e9daction m\u00e9moire master 2 vous accompagne de la recherche de sujet jusqu&#039;\u00e0 la livraison finale de votre document\" \/>\n<meta name=\"robots\" content=\"index, follow, max-snippet:-1, max-image-preview:large, max-video-preview:-1\" \/>\n<link rel=\"canonical\" href=\"https:\/\/www.redigermemoire.com\/en\/memoire-master\/\" \/>\n<meta property=\"og:locale\" content=\"en_US\" \/>\n<meta property=\"og:type\" content=\"article\" \/>\n<meta property=\"og:title\" content=\"aide r\u00e9daction m\u00e9moire master 2 - R\u00e9diger M\u00e9moire\" \/>\n<meta property=\"og:description\" content=\"Notre service d&#039;aide r\u00e9daction m\u00e9moire master 2 vous accompagne de la recherche de sujet jusqu&#039;\u00e0 la livraison finale de votre document\" \/>\n<meta property=\"og:url\" content=\"https:\/\/www.redigermemoire.com\/en\/memoire-master\/\" \/>\n<meta property=\"og:site_name\" content=\"R\u00e9diger M\u00e9moire\" \/>\n<meta property=\"article:publisher\" content=\"https:\/\/www.facebook.com\/aideredactionmemoire\" \/>\n<meta property=\"article:modified_time\" content=\"2024-12-17T14:38:31+00:00\" \/>\n<meta property=\"og:image\" content=\"https:\/\/www.redigermemoire.com\/wp-content\/uploads\/2024\/06\/law-about.jpg\" \/>\n<meta name=\"twitter:card\" content=\"summary_large_image\" \/>\n<meta name=\"twitter:site\" content=\"@Redigermemoire\" \/>\n<meta name=\"twitter:label1\" content=\"Est. reading time\" \/>\n\t<meta name=\"twitter:data1\" content=\"5 minutes\" \/>\n<script type=\"application\/ld+json\" class=\"yoast-schema-graph\">{\"@context\":\"https:\/\/schema.org\",\"@graph\":[{\"@type\":\"WebPage\",\"@id\":\"https:\/\/www.redigermemoire.com\/memoire-master\/\",\"url\":\"https:\/\/www.redigermemoire.com\/memoire-master\/\",\"name\":\"aide r\u00e9daction m\u00e9moire master 2 - R\u00e9diger M\u00e9moire\",\"isPartOf\":{\"@id\":\"https:\/\/www.redigermemoire.com\/#website\"},\"primaryImageOfPage\":{\"@id\":\"https:\/\/www.redigermemoire.com\/memoire-master\/#primaryimage\"},\"image\":{\"@id\":\"https:\/\/www.redigermemoire.com\/memoire-master\/#primaryimage\"},\"thumbnailUrl\":\"https:\/\/www.redigermemoire.com\/wp-content\/uploads\/2024\/06\/law-about.jpg\",\"datePublished\":\"2024-11-10T14:06:06+00:00\",\"dateModified\":\"2024-12-17T14:38:31+00:00\",\"description\":\"Notre service d'aide r\u00e9daction m\u00e9moire master 2 vous accompagne de la recherche de sujet jusqu'\u00e0 la livraison finale de votre document\",\"breadcrumb\":{\"@id\":\"https:\/\/www.redigermemoire.com\/memoire-master\/#breadcrumb\"},\"inLanguage\":\"en-US\",\"potentialAction\":[{\"@type\":\"ReadAction\",\"target\":[\"https:\/\/www.redigermemoire.com\/memoire-master\/\"]}]},{\"@type\":\"ImageObject\",\"inLanguage\":\"en-US\",\"@id\":\"https:\/\/www.redigermemoire.com\/memoire-master\/#primaryimage\",\"url\":\"https:\/\/www.redigermemoire.com\/wp-content\/uploads\/2024\/06\/law-about.jpg\",\"contentUrl\":\"https:\/\/www.redigermemoire.com\/wp-content\/uploads\/2024\/06\/law-about.jpg\"},{\"@type\":\"BreadcrumbList\",\"@id\":\"https:\/\/www.redigermemoire.com\/memoire-master\/#breadcrumb\",\"itemListElement\":[{\"@type\":\"ListItem\",\"position\":1,\"name\":\"Accueil\",\"item\":\"https:\/\/www.redigermemoire.com\/\"},{\"@type\":\"ListItem\",\"position\":2,\"name\":\"aide r\u00e9daction m\u00e9moire master 2\"}]},{\"@type\":\"WebSite\",\"@id\":\"https:\/\/www.redigermemoire.com\/#website\",\"url\":\"https:\/\/www.redigermemoire.com\/\",\"name\":\"R\u00e9diger M\u00e9moire\",\"description\":\"Pour la r\u00e9ussite des \u00e9tudiants\",\"publisher\":{\"@id\":\"https:\/\/www.redigermemoire.com\/#organization\"},\"potentialAction\":[{\"@type\":\"SearchAction\",\"target\":{\"@type\":\"EntryPoint\",\"urlTemplate\":\"https:\/\/www.redigermemoire.com\/?s={search_term_string}\"},\"query-input\":{\"@type\":\"PropertyValueSpecification\",\"valueRequired\":true,\"valueName\":\"search_term_string\"}}],\"inLanguage\":\"en-US\"},{\"@type\":\"Organization\",\"@id\":\"https:\/\/www.redigermemoire.com\/#organization\",\"name\":\"REDIGER MEMOIRE\",\"url\":\"https:\/\/www.redigermemoire.com\/\",\"logo\":{\"@type\":\"ImageObject\",\"inLanguage\":\"en-US\",\"@id\":\"https:\/\/www.redigermemoire.com\/#\/schema\/logo\/image\/\",\"url\":\"https:\/\/www.redigermemoire.com\/wp-content\/uploads\/2025\/07\/Votre-texte-de-paragraphe-250-x-100-px.svg\",\"contentUrl\":\"https:\/\/www.redigermemoire.com\/wp-content\/uploads\/2025\/07\/Votre-texte-de-paragraphe-250-x-100-px.svg\",\"width\":250,\"height\":100,\"caption\":\"REDIGER MEMOIRE\"},\"image\":{\"@id\":\"https:\/\/www.redigermemoire.com\/#\/schema\/logo\/image\/\"},\"sameAs\":[\"https:\/\/www.facebook.com\/aideredactionmemoire\",\"https:\/\/x.com\/Redigermemoire\"]}]}<\/script>\n<!-- \/ Yoast SEO plugin. -->","yoast_head_json":{"title":"aide r\u00e9daction m\u00e9moire master 2 - R\u00e9diger M\u00e9moire","description":"Notre service d'aide r\u00e9daction m\u00e9moire master 2 vous accompagne de la recherche de sujet jusqu'\u00e0 la livraison finale de votre document","robots":{"index":"index","follow":"follow","max-snippet":"max-snippet:-1","max-image-preview":"max-image-preview:large","max-video-preview":"max-video-preview:-1"},"canonical":"https:\/\/www.redigermemoire.com\/en\/memoire-master\/","og_locale":"en_US","og_type":"article","og_title":"aide r\u00e9daction m\u00e9moire master 2 - R\u00e9diger M\u00e9moire","og_description":"Notre service d'aide r\u00e9daction m\u00e9moire master 2 vous accompagne de la recherche de sujet jusqu'\u00e0 la livraison finale de votre document","og_url":"https:\/\/www.redigermemoire.com\/en\/memoire-master\/","og_site_name":"R\u00e9diger M\u00e9moire","article_publisher":"https:\/\/www.facebook.com\/aideredactionmemoire","article_modified_time":"2024-12-17T14:38:31+00:00","og_image":[{"url":"https:\/\/www.redigermemoire.com\/wp-content\/uploads\/2024\/06\/law-about.jpg","type":"","width":"","height":""}],"twitter_card":"summary_large_image","twitter_site":"@Redigermemoire","twitter_misc":{"Est. reading time":"5 minutes"},"schema":{"@context":"https:\/\/schema.org","@graph":[{"@type":"WebPage","@id":"https:\/\/www.redigermemoire.com\/memoire-master\/","url":"https:\/\/www.redigermemoire.com\/memoire-master\/","name":"aide r\u00e9daction m\u00e9moire master 2 - R\u00e9diger M\u00e9moire","isPartOf":{"@id":"https:\/\/www.redigermemoire.com\/#website"},"primaryImageOfPage":{"@id":"https:\/\/www.redigermemoire.com\/memoire-master\/#primaryimage"},"image":{"@id":"https:\/\/www.redigermemoire.com\/memoire-master\/#primaryimage"},"thumbnailUrl":"https:\/\/www.redigermemoire.com\/wp-content\/uploads\/2024\/06\/law-about.jpg","datePublished":"2024-11-10T14:06:06+00:00","dateModified":"2024-12-17T14:38:31+00:00","description":"Notre service d'aide r\u00e9daction m\u00e9moire master 2 vous accompagne de la recherche de sujet jusqu'\u00e0 la livraison finale de votre document","breadcrumb":{"@id":"https:\/\/www.redigermemoire.com\/memoire-master\/#breadcrumb"},"inLanguage":"en-US","potentialAction":[{"@type":"ReadAction","target":["https:\/\/www.redigermemoire.com\/memoire-master\/"]}]},{"@type":"ImageObject","inLanguage":"en-US","@id":"https:\/\/www.redigermemoire.com\/memoire-master\/#primaryimage","url":"https:\/\/www.redigermemoire.com\/wp-content\/uploads\/2024\/06\/law-about.jpg","contentUrl":"https:\/\/www.redigermemoire.com\/wp-content\/uploads\/2024\/06\/law-about.jpg"},{"@type":"BreadcrumbList","@id":"https:\/\/www.redigermemoire.com\/memoire-master\/#breadcrumb","itemListElement":[{"@type":"ListItem","position":1,"name":"Accueil","item":"https:\/\/www.redigermemoire.com\/"},{"@type":"ListItem","position":2,"name":"aide r\u00e9daction m\u00e9moire master 2"}]},{"@type":"WebSite","@id":"https:\/\/www.redigermemoire.com\/#website","url":"https:\/\/www.redigermemoire.com\/","name":"R\u00e9diger M\u00e9moire","description":"Pour la r\u00e9ussite des \u00e9tudiants","publisher":{"@id":"https:\/\/www.redigermemoire.com\/#organization"},"potentialAction":[{"@type":"SearchAction","target":{"@type":"EntryPoint","urlTemplate":"https:\/\/www.redigermemoire.com\/?s={search_term_string}"},"query-input":{"@type":"PropertyValueSpecification","valueRequired":true,"valueName":"search_term_string"}}],"inLanguage":"en-US"},{"@type":"Organization","@id":"https:\/\/www.redigermemoire.com\/#organization","name":"REDIGER MEMOIRE","url":"https:\/\/www.redigermemoire.com\/","logo":{"@type":"ImageObject","inLanguage":"en-US","@id":"https:\/\/www.redigermemoire.com\/#\/schema\/logo\/image\/","url":"https:\/\/www.redigermemoire.com\/wp-content\/uploads\/2025\/07\/Votre-texte-de-paragraphe-250-x-100-px.svg","contentUrl":"https:\/\/www.redigermemoire.com\/wp-content\/uploads\/2025\/07\/Votre-texte-de-paragraphe-250-x-100-px.svg","width":250,"height":100,"caption":"REDIGER MEMOIRE"},"image":{"@id":"https:\/\/www.redigermemoire.com\/#\/schema\/logo\/image\/"},"sameAs":["https:\/\/www.facebook.com\/aideredactionmemoire","https:\/\/x.com\/Redigermemoire"]}]}},"jetpack_sharing_enabled":true,"_links":{"self":[{"href":"https:\/\/www.redigermemoire.com\/en\/wp-json\/wp\/v2\/pages\/6037","targetHints":{"allow":["GET"]}}],"collection":[{"href":"https:\/\/www.redigermemoire.com\/en\/wp-json\/wp\/v2\/pages"}],"about":[{"href":"https:\/\/www.redigermemoire.com\/en\/wp-json\/wp\/v2\/types\/page"}],"author":[{"embeddable":true,"href":"https:\/\/www.redigermemoire.com\/en\/wp-json\/wp\/v2\/users\/1"}],"replies":[{"embeddable":true,"href":"https:\/\/www.redigermemoire.com\/en\/wp-json\/wp\/v2\/comments?post=6037"}],"version-history":[{"count":0,"href":"https:\/\/www.redigermemoire.com\/en\/wp-json\/wp\/v2\/pages\/6037\/revisions"}],"wp:attachment":[{"href":"https:\/\/www.redigermemoire.com\/en\/wp-json\/wp\/v2\/media?parent=6037"}],"curies":[{"name":"wp","href":"https:\/\/api.w.org\/{rel}","templated":true}]}}